{"id":1475,"date":"2022-06-07T04:40:55","date_gmt":"2022-06-07T01:40:55","guid":{"rendered":"http:\/\/palmsetrailer.eu.klient.veebimajutus.ee\/kontakt\/"},"modified":"2026-03-25T14:25:17","modified_gmt":"2026-03-25T11:25:17","slug":"contact","status":"publish","type":"page","link":"https:\/\/palmsetrailer.eu\/en\/contact\/","title":{"rendered":"Contact"},"content":{"rendered":"\n<div class=\"wp-block-columns is-layout-flex wp-container-core-columns-is-layout-28f84493 wp-block-columns-is-layout-flex\">\n<div class=\"wp-block-column is-layout-flow wp-block-column-is-layout-flow\">\n<h2 class=\"wp-block-heading wp-el\">Palmse Metall O\u00dc<\/h2>\n\n\n\n<p class=\"wp-el\">V\u00f5supere village, Haljala municipality, L\u00e4\u00e4ne-Virumaa 45405<\/p>\n\n\n\n<ul class=\"wp-block-list wp-el\">\n<li><a href=\"mailto:info@palmsetrailer.eu\">info@palmsetrailer.eu<\/a><\/li>\n\n\n\n<li><a href=\"tel:+3723260290\">+372 326 0290<\/a><\/li>\n\n\n\n<li><a href=\"tel:+37256450047\">+372 5645 0047<\/a><\/li>\n<\/ul>\n\n\n\n<iframe src=\"https:\/\/www.google.com\/maps\/embed?pb=!1m18!1m12!1m3!1d2024.8501744540852!2d25.95556841607924!3d59.502261381719684!2m3!1f0!2f0!3f0!3m2!1i1024!2i768!4f13.1!3m3!1m2!1s0x4693a80cdfa8cd81%3A0x1ecce239437e868e!2sPalmse%20Metall%20O%C3%9C!5e0!3m2!1sen!2see!4v1658983732003!5m2!1sen!2see\" width=\"100%\" height=\"250\" style=\"border:0;\" allowfullscreen=\"\" loading=\"lazy\" referrerpolicy=\"no-referrer-when-downgrade\"><\/iframe>\n<\/div>\n\n\n\n<div class=\"wp-block-column is-layout-flow wp-block-column-is-layout-flow\">\n<div class=\"wp-block-contact-form-7-contact-form-selector\">\n<div class=\"wpcf7 no-js\" id=\"wpcf7-f1556-o1\" lang=\"et\" dir=\"ltr\" data-wpcf7-id=\"1556\">\n<div class=\"screen-reader-response\"><p role=\"status\" aria-live=\"polite\" aria-atomic=\"true\"><\/p> <ul><\/ul><\/div>\n<form action=\"\/en\/wp-json\/wp\/v2\/pages\/1475#wpcf7-f1556-o1\" method=\"post\" class=\"wpcf7-form init\" aria-label=\"Contact form\" novalidate=\"novalidate\" data-status=\"init\">\n<fieldset class=\"hidden-fields-container\"><input type=\"hidden\" name=\"_wpcf7\" value=\"1556\" \/><input type=\"hidden\" name=\"_wpcf7_version\" value=\"6.1.5\" \/><input type=\"hidden\" name=\"_wpcf7_locale\" value=\"et\" \/><input type=\"hidden\" name=\"_wpcf7_unit_tag\" value=\"wpcf7-f1556-o1\" \/><input type=\"hidden\" name=\"_wpcf7_container_post\" value=\"0\" \/><input type=\"hidden\" name=\"_wpcf7_posted_data_hash\" value=\"\" \/><input type=\"hidden\" name=\"_wpcf7_recaptcha_response\" value=\"\" \/>\n<\/fieldset>\n<div class=\"row row-grid\">\n<div class=\"col-12 col-md-6\"><label>First and last name *<\/label><span class=\"wpcf7-form-control-wrap\" data-name=\"your-name\"><input size=\"40\" maxlength=\"400\" class=\"wpcf7-form-control wpcf7-text wpcf7-validates-as-required\" aria-required=\"true\" aria-invalid=\"false\" value=\"\" type=\"text\" name=\"your-name\" \/><\/span><\/div>\n<div class=\"col-12 col-md-6\"><label>Company<\/label><span class=\"wpcf7-form-control-wrap\" data-name=\"your-company\"><input size=\"40\" maxlength=\"400\" class=\"wpcf7-form-control wpcf7-text\" aria-invalid=\"false\" value=\"\" type=\"text\" name=\"your-company\" \/><\/span><\/div>\n\n<div class=\"col-12 col-md-6\"><label>Phone number *<\/label><span class=\"wpcf7-form-control-wrap\" data-name=\"your-phone\"><input size=\"40\" maxlength=\"400\" class=\"wpcf7-form-control wpcf7-text wpcf7-validates-as-required\" aria-required=\"true\" aria-invalid=\"false\" value=\"\" type=\"text\" name=\"your-phone\" \/><\/span><\/div>\n<div class=\"col-12 col-md-6\"><label>E-mail address *<\/label><span class=\"wpcf7-form-control-wrap\" data-name=\"your-email\"><input size=\"40\" maxlength=\"400\" class=\"wpcf7-form-control wpcf7-email wpcf7-validates-as-required wpcf7-text wpcf7-validates-as-email\" aria-required=\"true\" aria-invalid=\"false\" value=\"\" type=\"email\" name=\"your-email\" \/><\/span><\/div>\n\n<div class=\"col-12\"><label>Message in free form *<\/label><span class=\"wpcf7-form-control-wrap\" data-name=\"your-message\"><textarea cols=\"40\" rows=\"10\" maxlength=\"2000\" class=\"wpcf7-form-control wpcf7-textarea wpcf7-validates-as-required\" aria-required=\"true\" aria-invalid=\"false\" name=\"your-message\"><\/textarea><\/span><\/div>\n<div class=\"col-12\"><span class=\"wpcf7-form-control-wrap\" data-name=\"acceptance-756\"><span class=\"wpcf7-form-control wpcf7-acceptance\"><span class=\"wpcf7-list-item\"><label><input type=\"checkbox\" name=\"acceptance-756\" value=\"1\" id=\"httpspalmsetrailereuprivaatsuspoliitika\" aria-invalid=\"false\" \/><span class=\"wpcf7-list-item-label\">According to regulations, there must be an acceptance to <a href=\"https:\/\/en.palmsetrailer.eu\/privacy-policy\/\">privacy policy <\/a>.<\/span><\/label><\/span><\/span><\/span><\/div>\n<div class=\"col-12 text-center\"><input class=\"wpcf7-form-control wpcf7-submit has-spinner\" type=\"submit\" value=\"Send a request\" \/><\/div>\n<\/div><div class=\"wpcf7-response-output\" aria-hidden=\"true\"><\/div>\n<\/form>\n<\/div>\n<\/div>\n\n\n\n<figure class=\"wp-block-image size-large is-resized\"><img loading=\"lazy\" decoding=\"async\" width=\"1200\" height=\"400\" src=\"https:\/\/palmsetrailer.eu\/wp-content\/uploads\/2023\/01\/Kaubanduskoda-liikmelogo_ENG_logo_horiz-1200x400.jpg\" alt=\"\" class=\"wp-image-4933\" style=\"aspect-ratio:4;object-fit:cover;width:270px;height:auto\"\/><\/figure>\n\n\n\n<figure class=\"wp-block-image size-full is-resized\"><img loading=\"lazy\" decoding=\"async\" width=\"1180\" height=\"426\" src=\"https:\/\/palmsetrailer.eu\/wp-content\/uploads\/2026\/03\/BVCER_withoutQR-ISO-9001-2.png\" alt=\"\" class=\"wp-image-7489\" style=\"aspect-ratio:2.770063119927863;width:262px;height:auto\"\/><\/figure>\n<\/div>\n<\/div>\n\n\n<div id=\"acf-block_2cbec48926d1151adc21406473c9e71e\" class=\"acf-block-element element-posts\"><div class=\"row row-grid-alt row-posts\"><div class=\"col-12 col-sm-6 col-lg-4\"><div id=\"post-1490\" class=\"post-item position-relative h-100\" data-animate=\"T_FADE_UP\"><div class=\"post-item__thumb d-block position-relative theme-icon\"><img loading=\"lazy\" decoding=\"async\" width=\"370\" height=\"250\" src=\"https:\/\/palmsetrailer.eu\/wp-content\/uploads\/2022\/07\/Palmse-Trailer-Dumper-Trailer2-370x250.jpeg\" class=\"attachment-thumbnail size-thumbnail wp-post-image\" alt=\"\" \/><\/div><div class=\"post-item__excerpt\"><p class=\"font-weight-demibold text-uppercase\">Sales<\/p><div class=\"contact-methods\"><p>E-mail: <a href=\"mailto:sales@palmsetrailer.eu\" class=\"d-inline-flex flex-wrap align-items-center\">sales@palmsetrailer.eu<\/a><\/p><p>Phone: <a href=\"tel:+37256450047\" class=\"d-inline-flex flex-wrap align-items-center\">+372 5645 0047<\/a><\/p><\/div><\/div><\/div><\/div><\/div><\/div>\n\n\n<h2 class=\"wp-block-heading has-text-align-center wp-el\">RESELLERS<\/h2>\n\n\n<div id=\"acf-block_a8eca20f3cb5974425a7a959a7ba5812\" class=\"acf-block-element element-image-hotspots\"><div class=\"wpcmtt_hotspot_container\"><img decoding=\"async\" id=\"wpcmtt_image_hotspots_2931\" src=\"https:\/\/palmsetrailer.eu\/wp-content\/uploads\/2022\/09\/Palmse-reseller-map-of-europe-bc.png\" ><div class='wpcmtt-hotspot' style='top:44.50%; left:61.26%;' data-hotspot_id='2931_1' ><img class='wpcmtt_hotspot_pin' id='hotspot_2931_1' src='https:\/\/palmsetrailer.eu\/wp-content\/uploads\/2022\/06\/holder.svg' ><\/div><div class='wpcmtt-hotspot' style='top:28.30%; left:59.25%;' data-hotspot_id='2931_2' ><img class='wpcmtt_hotspot_pin' id='hotspot_2931_2' src='https:\/\/palmsetrailer.eu\/wp-content\/uploads\/2022\/06\/holder.svg' ><\/div><div class='wpcmtt-hotspot' style='top:18.25%; left:24.22%;' data-hotspot_id='2931_3' ><img class='wpcmtt_hotspot_pin' id='hotspot_2931_3' src='https:\/\/palmsetrailer.eu\/wp-content\/uploads\/2022\/06\/holder.svg' ><\/div><div class='wpcmtt-hotspot' style='top:54.08%; left:57.79%;' data-hotspot_id='2931_4' ><img class='wpcmtt_hotspot_pin' id='hotspot_2931_4' src='https:\/\/palmsetrailer.eu\/wp-content\/uploads\/2022\/06\/holder.svg' ><\/div><div class='wpcmtt-hotspot' style='top:39.55%; left:61.37%;' data-hotspot_id='2931_5' ><img class='wpcmtt_hotspot_pin' id='hotspot_2931_5' src='https:\/\/palmsetrailer.eu\/wp-content\/uploads\/2022\/06\/holder.svg' ><\/div><div class='wpcmtt-hotspot' style='top:60.77%; left:53.11%;' data-hotspot_id='2931_6' ><img class='wpcmtt_hotspot_pin' id='hotspot_2931_6' src='https:\/\/palmsetrailer.eu\/wp-content\/uploads\/2022\/06\/holder.svg' ><\/div><div class='wpcmtt-hotspot' style='top:45.26%; left:45.79%;' data-hotspot_id='2931_7' ><img class='wpcmtt_hotspot_pin' id='hotspot_2931_7' src='https:\/\/palmsetrailer.eu\/wp-content\/uploads\/2022\/06\/holder.svg' ><\/div><div class='wpcmtt-hotspot' style='top:36.89%; left:50.83%;' data-hotspot_id='2931_8' ><img class='wpcmtt_hotspot_pin' id='hotspot_2931_8' src='https:\/\/palmsetrailer.eu\/wp-content\/uploads\/2022\/06\/holder.svg' ><\/div><div class='wpcmtt-hotspot' style='top:32.26%; left:45.26%;' data-hotspot_id='2931_9' ><img class='wpcmtt_hotspot_pin' id='hotspot_2931_9' src='https:\/\/palmsetrailer.eu\/wp-content\/uploads\/2022\/06\/holder.svg' ><\/div><div class='wpcmtt-hotspot' style='top:55.52%; left:41.98%;' data-hotspot_id='2931_10' ><img class='wpcmtt_hotspot_pin' id='hotspot_2931_10' src='https:\/\/palmsetrailer.eu\/wp-content\/uploads\/2022\/06\/holder.svg' ><\/div><div class='wpcmtt-hotspot' style='top:35.11%; left:61.23%;' data-hotspot_id='2931_11' ><img class='wpcmtt_hotspot_pin' id='hotspot_2931_11' src='https:\/\/palmsetrailer.eu\/wp-content\/uploads\/2022\/06\/holder.svg' ><\/div><div class='wpcmtt-hotspot' style='top:62.64%; left:58.03%;' data-hotspot_id='2931_12' ><img class='wpcmtt_hotspot_pin' id='hotspot_2931_12' src='https:\/\/palmsetrailer.eu\/wp-content\/uploads\/2022\/06\/holder.svg' ><\/div><div class='wpcmtt-hotspot' style='top:62.93%; left:47.64%;' data-hotspot_id='2931_13' ><img class='wpcmtt_hotspot_pin' id='hotspot_2931_13' src='https:\/\/palmsetrailer.eu\/wp-content\/uploads\/2022\/06\/holder.svg' ><\/div><div class='wpcmtt-hotspot' style='top:68.91%; left:44.88%;' data-hotspot_id='2931_14' ><img class='wpcmtt_hotspot_pin' id='hotspot_2931_14' src='https:\/\/palmsetrailer.eu\/wp-content\/uploads\/2022\/06\/holder.svg' ><\/div><span class='wpcmtt ' data-wpcmtt-id='2931_1' data-wpcmtt-selector='.wpcmtt-hotspot[data-hotspot_id=&#039;2931_1&#039;] .wpcmtt_hotspot_pin'  data-wpcmtt-type=text data-wpcmtt-style_id='128' style='display:block; position: absolute; left: -28000px; top: -28000px;'>Lithuania<br \/>\r\nHoro Mechanika<br \/>\r\nwww.horomechanika.lt <\/span><span class='wpcmtt ' data-wpcmtt-id='2931_2' data-wpcmtt-selector='.wpcmtt-hotspot[data-hotspot_id=&#039;2931_2&#039;] .wpcmtt_hotspot_pin'  data-wpcmtt-type=text data-wpcmtt-style_id='128' style='display:block; position: absolute; left: -28000px; top: -28000px;'>Finland <br \/>\r\nRentti Tracwest OY<br \/>\r\nrentti.com<br \/>\r\n.<br \/>\r\n<\/span><span class='wpcmtt ' data-wpcmtt-id='2931_3' data-wpcmtt-selector='.wpcmtt-hotspot[data-hotspot_id=&#039;2931_3&#039;] .wpcmtt_hotspot_pin'  data-wpcmtt-type=text data-wpcmtt-style_id='128' style='display:block; position: absolute; left: -28000px; top: -28000px;'>Iceland<br \/>\r\nBuvis<br \/>\r\nbuvis.is<\/span><span class='wpcmtt ' data-wpcmtt-id='2931_4' data-wpcmtt-selector='.wpcmtt-hotspot[data-hotspot_id=&#039;2931_4&#039;] .wpcmtt_hotspot_pin'  data-wpcmtt-type=text data-wpcmtt-style_id='128' style='display:block; position: absolute; left: -28000px; top: -28000px;'>Poland<br \/>\r\nKompania Lesna<br \/>\r\nkompanialesna.pl<\/span><span class='wpcmtt ' data-wpcmtt-id='2931_5' data-wpcmtt-selector='.wpcmtt-hotspot[data-hotspot_id=&#039;2931_5&#039;] .wpcmtt_hotspot_pin'  data-wpcmtt-type=text data-wpcmtt-style_id='128' style='display:block; position: absolute; left: -28000px; top: -28000px;'>Latvia<br \/>\r\nSIA Heta<br \/>\r\nheta.lv<\/span><span class='wpcmtt ' data-wpcmtt-id='2931_6' data-wpcmtt-selector='.wpcmtt-hotspot[data-hotspot_id=&#039;2931_6&#039;] .wpcmtt_hotspot_pin'  data-wpcmtt-type=text data-wpcmtt-style_id='128' style='display:block; position: absolute; left: -28000px; top: -28000px;'>Czech Republic<br \/>\r\nTOKO AGRI a.s.<br \/>\r\nwww.toko.cz<\/span><span class='wpcmtt ' data-wpcmtt-id='2931_7' data-wpcmtt-selector='.wpcmtt-hotspot[data-hotspot_id=&#039;2931_7&#039;] .wpcmtt_hotspot_pin'  data-wpcmtt-type=text data-wpcmtt-style_id='128' style='display:block; position: absolute; left: -28000px; top: -28000px;'>Denmark<br \/>\r\nSaltbaek Agro<br \/>\r\nsaltbaekagro.dk<\/span><span class='wpcmtt ' data-wpcmtt-id='2931_8' data-wpcmtt-selector='.wpcmtt-hotspot[data-hotspot_id=&#039;2931_8&#039;] .wpcmtt_hotspot_pin'  data-wpcmtt-type=text data-wpcmtt-style_id='128' style='display:block; position: absolute; left: -28000px; top: -28000px;'>Sweden<br \/>\r\nNordFarm<br \/>\r\nnordfarm.se<\/span><span class='wpcmtt ' data-wpcmtt-id='2931_9' data-wpcmtt-selector='.wpcmtt-hotspot[data-hotspot_id=&#039;2931_9&#039;] .wpcmtt_hotspot_pin'  data-wpcmtt-type=text data-wpcmtt-style_id='128' style='display:block; position: absolute; left: -28000px; top: -28000px;'>Norway<br \/>\r\nHCP Ringen<br \/>\r\nwww.hcpringen.no<\/span><span class='wpcmtt ' data-wpcmtt-id='2931_10' data-wpcmtt-selector='.wpcmtt-hotspot[data-hotspot_id=&#039;2931_10&#039;] .wpcmtt_hotspot_pin'  data-wpcmtt-type=text data-wpcmtt-style_id='128' style='display:block; position: absolute; left: -28000px; top: -28000px;'>Netherlands<br \/>\r\nFa. Groenewegen v.o.f.<br \/>\r\nwww.fagroenewegen.nl<\/span><span class='wpcmtt ' data-wpcmtt-id='2931_11' data-wpcmtt-selector='.wpcmtt-hotspot[data-hotspot_id=&#039;2931_11&#039;] .wpcmtt_hotspot_pin'  data-wpcmtt-type=text data-wpcmtt-style_id='128' style='display:block; position: absolute; left: -28000px; top: -28000px;'>Estonia<br \/>\r\nWihuri Agri<br \/>\r\nwihuriagri.com<br \/>\r\n<br \/>\r\nStokker<br \/>\r\nstokker.ee<br \/>\r\n.<\/span><span class='wpcmtt ' data-wpcmtt-id='2931_12' data-wpcmtt-selector='.wpcmtt-hotspot[data-hotspot_id=&#039;2931_12&#039;] .wpcmtt_hotspot_pin'  data-wpcmtt-type=text data-wpcmtt-style_id='128' style='display:block; position: absolute; left: -28000px; top: -28000px;'>Slovakia <br \/>\r\nToko Agri a.s<br \/>\r\nwww.toko.cz<\/span><span class='wpcmtt ' data-wpcmtt-id='2931_13' data-wpcmtt-selector='.wpcmtt-hotspot[data-hotspot_id=&#039;2931_13&#039;] .wpcmtt_hotspot_pin'  data-wpcmtt-type=text data-wpcmtt-style_id='19' style='display:block; position: absolute; left: -28000px; top: -28000px;'>Germany<br \/>\r\nSchwarz Gruppe<br \/>\r\nwww.schwarz-erde.de<\/span><span class='wpcmtt ' data-wpcmtt-id='2931_14' data-wpcmtt-selector='.wpcmtt-hotspot[data-hotspot_id=&#039;2931_14&#039;] .wpcmtt_hotspot_pin'  data-wpcmtt-type=text data-wpcmtt-style_id='128' style='display:block; position: absolute; left: -28000px; top: -28000px;'>Switzerland <br \/>\r\nSamuel Stauffer SA<br \/>\r\nhttp:\/\/www.stauffer-cie.ch\/<\/span><\/div><style> #hotspot_2931_1,#hotspot_2931_2,#hotspot_2931_3,#hotspot_2931_4,#hotspot_2931_5,#hotspot_2931_6,#hotspot_2931_7,#hotspot_2931_8,#hotspot_2931_9,#hotspot_2931_10,#hotspot_2931_11,#hotspot_2931_12,#hotspot_2931_13,#hotspot_2931_14{\n                -webkit-transform: translate(-50%, -50%);transform: translate(-50%, -50%);\n                    \n                } <\/style><\/div>","protected":false},"excerpt":{"rendered":"<p>Palmse Metall O\u00dc V\u00f5supere village, Haljala municipality, L\u00e4\u00e4ne-Virumaa 45405 RESELLERS<\/p>\n","protected":false},"author":1,"featured_media":2570,"parent":0,"menu_order":90,"comment_status":"closed","ping_status":"closed","template":"","meta":{"_acf_changed":false,"inline_featured_image":false,"footnotes":""},"class_list":["post-1475","page","type-page","status-publish","has-post-thumbnail","hentry"],"acf":[],"_links":{"self":[{"href":"https:\/\/palmsetrailer.eu\/en\/wp-json\/wp\/v2\/pages\/1475","targetHints":{"allow":["GET"]}}],"collection":[{"href":"https:\/\/palmsetrailer.eu\/en\/wp-json\/wp\/v2\/pages"}],"about":[{"href":"https:\/\/palmsetrailer.eu\/en\/wp-json\/wp\/v2\/types\/page"}],"author":[{"embeddable":true,"href":"https:\/\/palmsetrailer.eu\/en\/wp-json\/wp\/v2\/users\/1"}],"replies":[{"embeddable":true,"href":"https:\/\/palmsetrailer.eu\/en\/wp-json\/wp\/v2\/comments?post=1475"}],"version-history":[{"count":5,"href":"https:\/\/palmsetrailer.eu\/en\/wp-json\/wp\/v2\/pages\/1475\/revisions"}],"predecessor-version":[{"id":7494,"href":"https:\/\/palmsetrailer.eu\/en\/wp-json\/wp\/v2\/pages\/1475\/revisions\/7494"}],"wp:featuredmedia":[{"embeddable":true,"href":"https:\/\/palmsetrailer.eu\/en\/wp-json\/wp\/v2\/media\/2570"}],"wp:attachment":[{"href":"https:\/\/palmsetrailer.eu\/en\/wp-json\/wp\/v2\/media?parent=1475"}],"curies":[{"name":"wp","href":"https:\/\/api.w.org\/{rel}","templated":true}]}}