{"id":1476,"date":"2022-06-07T04:40:39","date_gmt":"2022-06-07T01:40:39","guid":{"rendered":"http:\/\/palmsetrailer.eu.klient.veebimajutus.ee\/meist\/"},"modified":"2024-05-09T09:55:58","modified_gmt":"2024-05-09T06:55:58","slug":"about-us-tractor-trailer-producer","status":"publish","type":"page","link":"https:\/\/palmsetrailer.eu\/en\/about-us-tractor-trailer-producer\/","title":{"rendered":"About us"},"content":{"rendered":"\n<h2 class=\"wp-block-heading wp-el\">The largest quality tractor trailer producer in the Nordic countries &#8211; Palmse Trailer<\/h2>\n\n\n<div id=\"acf-block_4dc877ed287fab539b905a919afc57d0\" class=\"acf-block-element element-txtmedia\"><div class=\"row row-grid align-items-center\"><div class=\"col-12 col-md col-content\" data-animate=\"T_FADE_RIGHT\"><div class=\"col-inner\">\n\n<p class=\"wp-el\">Palmse Metall O\u00dc is an Estonian-based ISO9001 certified manufacturer of quality agricultural trailers and tractor trailers for road construction, owner of the Palmse Trailer brand. Our products are well known and appreciated both in Scandinavia and in other parts of Europe. The model range of Palmse Trailer includes tipper dumper trailers, platform, grain transport, cattle\/livestock trailers, machinery trailers and container trailers, in other words hooklifts or multilifts. Trailer production began almost 20 years ago in Palmse, L\u00e4\u00e4ne-Virumaa.<\/p>\n\n\n\n<p class=\"wp-el\">Palmse Trailer production capacity and turnover has been continuously increasing. Major events, such as the global corona crisis and the reduced availability of heavy metals due to European political issues, have been only small bumps on the successful road. We have managed to keep our turnover increasing constantly, with 2022 annual turnover of over 10 million.<\/p>\n\n<\/div><\/div><div class=\"col-12 col-md-6 col-media offset-xl-1\" data-animate=\"T_FADE_LEFT\"><div class=\"splide\" data-splide={\"type\":\"fade\",\"pagination\":false}><div class=\"splide__track\"><ul class=\"splide__list\"><li class=\"splide__slide\"><a href=\"https:\/\/palmsetrailer.eu\/wp-content\/uploads\/2024\/05\/1610-proline_iso.jpg\" data-fancybox=\"txtmedia-acf-block_4dc877ed287fab539b905a919afc57d0\"><img loading=\"lazy\" decoding=\"async\" width=\"670\" height=\"447\" src=\"https:\/\/palmsetrailer.eu\/wp-content\/uploads\/2024\/05\/1610-proline_iso-670x447.jpg\" class=\"attachment-img-570x380 size-img-570x380\" alt=\"\" srcset=\"https:\/\/palmsetrailer.eu\/wp-content\/uploads\/2024\/05\/1610-proline_iso-670x447.jpg 670w, https:\/\/palmsetrailer.eu\/wp-content\/uploads\/2024\/05\/1610-proline_iso.jpg 1618w, https:\/\/palmsetrailer.eu\/wp-content\/uploads\/2024\/05\/1610-proline_iso-670x447@2x.jpg 1340w\" sizes=\"auto, (max-width: 670px) 100vw, 670px\" \/><\/a><\/li><\/ul><\/div><div class=\"splide__arrows hide-arrows\"><button class=\"splide__arrow splide__arrow--prev theme-icon\"><svg xmlns=\"http:\/\/www.w3.org\/2000\/svg\" width=\"12\" height=\"21\" viewBox=\"0 0 12 21\"><path d=\"M2858.5,3892a1.5,1.5,0,0,0,1.061-2.561l-7.939-7.939,7.939-7.939a1.5,1.5,0,0,0-2.121-2.121l-9,9a1.5,1.5,0,0,0,0,2.121l9,9A1.494,1.494,0,0,0,2858.5,3892Z\" transform=\"translate(-2848 -3871.001)\" fill=\"currentColor\"\/><\/svg><\/button><button class=\"splide__arrow splide__arrow--next theme-icon\"><svg xmlns=\"http:\/\/www.w3.org\/2000\/svg\" width=\"12\" height=\"21\" viewBox=\"0 0 12 21\"><path d=\"M2849.5,3892a1.5,1.5,0,0,1-1.061-2.561l7.939-7.939-7.939-7.939a1.5,1.5,0,0,1,2.121-2.121l9,9a1.5,1.5,0,0,1,0,2.121l-9,9A1.494,1.494,0,0,1,2849.5,3892Z\" transform=\"translate(-2848 -3871.001)\" fill=\"currentColor\"\/><\/svg><\/svg><\/button><\/div><\/div><\/div><\/div><\/div>\n\n<div id=\"acf-block_08a7c496ecb0d5fba149ba08aeb26a3f\" class=\"acf-block-element element-txtmedia\"><div class=\"row row-grid align-items-center\"><div class=\"col-12 col-md col-content order-md-1 offset-xl-1\" data-animate=\"T_FADE_LEFT\"><div class=\"col-inner\">\n\n<h3 class=\"wp-block-heading wp-el\">Our strength is stable quality, which paves the way to be one of the best tractor trailer manufacturers in the entire region. 20 years of experience and development work guarantee an ever better product and a reliable partnership with our distributors.<\/h3>\n\n\n\n<p class=\"wp-el\">The total surface area of \u200b\u200bthe production complex, located on the border of Lahemaa National Park in Haljala municipality, is almost 10,000 m\u00b2. We have been developing and expanding our production base year by year, and in addition to premises, we are constantly investing in our production capacity: from 2021, we will be the only trailer manufacturer in the nearby region, which will assemble both tipper trailer boxes and frames with a welding robot. This, in turn, ensures a highly stable weld quality that guarantees high durability.<\/p>\n\n<\/div><\/div><div class=\"col-12 col-md-6 col-media\" data-animate=\"T_FADE_RIGHT\"><div class=\"splide\" data-splide={\"type\":\"fade\",\"pagination\":false}><div class=\"splide__track\"><ul class=\"splide__list\"><li class=\"splide__slide\"><a href=\"https:\/\/palmsetrailer.eu\/wp-content\/uploads\/2022\/06\/DSC_8499-1200x801.jpg\" data-fancybox=\"txtmedia-acf-block_08a7c496ecb0d5fba149ba08aeb26a3f\"><img loading=\"lazy\" decoding=\"async\" width=\"570\" height=\"380\" src=\"https:\/\/palmsetrailer.eu\/wp-content\/uploads\/2022\/06\/DSC_8499-570x380.jpg\" class=\"attachment-img-570x380 size-img-570x380\" alt=\"robot welding\" srcset=\"https:\/\/palmsetrailer.eu\/wp-content\/uploads\/2022\/06\/DSC_8499-570x380.jpg 570w, https:\/\/palmsetrailer.eu\/wp-content\/uploads\/2022\/06\/DSC_8499-1200x801.jpg 1200w\" sizes=\"auto, (max-width: 570px) 100vw, 570px\" \/><\/a><\/li><\/ul><\/div><div class=\"splide__arrows hide-arrows\"><button class=\"splide__arrow splide__arrow--prev theme-icon\"><svg xmlns=\"http:\/\/www.w3.org\/2000\/svg\" width=\"12\" height=\"21\" viewBox=\"0 0 12 21\"><path d=\"M2858.5,3892a1.5,1.5,0,0,0,1.061-2.561l-7.939-7.939,7.939-7.939a1.5,1.5,0,0,0-2.121-2.121l-9,9a1.5,1.5,0,0,0,0,2.121l9,9A1.494,1.494,0,0,0,2858.5,3892Z\" transform=\"translate(-2848 -3871.001)\" fill=\"currentColor\"\/><\/svg><\/button><button class=\"splide__arrow splide__arrow--next theme-icon\"><svg xmlns=\"http:\/\/www.w3.org\/2000\/svg\" width=\"12\" height=\"21\" viewBox=\"0 0 12 21\"><path d=\"M2849.5,3892a1.5,1.5,0,0,1-1.061-2.561l7.939-7.939-7.939-7.939a1.5,1.5,0,0,1,2.121-2.121l9,9a1.5,1.5,0,0,1,0,2.121l-9,9A1.494,1.494,0,0,1,2849.5,3892Z\" transform=\"translate(-2848 -3871.001)\" fill=\"currentColor\"\/><\/svg><\/svg><\/button><\/div><\/div><\/div><\/div><\/div>\n\n<div id=\"acf-block_2763b588a3c987027a016a2aca677b51\" class=\"acf-block-element element-txtmedia\"><div class=\"row row-grid align-items-center\"><div class=\"col-12 col-md col-content\" data-animate=\"T_FADE_RIGHT\"><div class=\"col-inner\">\n\n<p id=\"about-us\" class=\"wp-el\">The total surface area of \u200b\u200bthe production complex, located on the border of Lahemaa National Park in Haljala municipality, is almost 10,000 m\u00b2. We have been developing and expanding our production base year by year, and in addition to premises, we are constantly investing in our production capacity: from 2021, we will be the only trailer manufacturer in the nearby region, which will assemble both tipper trailer boxes and frames with a welding robot. This, in turn, ensures a highly stable weld quality that guarantees high durability.<\/p>\n\n\n\n<p class=\"wp-el\"><\/p>\n\n<\/div><\/div><div class=\"col-12 col-md-6 col-media offset-xl-1\" data-animate=\"T_FADE_LEFT\"><div class=\"splide\" data-splide={\"type\":\"fade\",\"pagination\":false}><div class=\"splide__track\"><ul class=\"splide__list\"><li class=\"splide__slide\"><a href=\"https:\/\/palmsetrailer.eu\/wp-content\/uploads\/2022\/06\/laserloikur-Palmse-metallis-copy.jpeg\" data-fancybox=\"txtmedia-acf-block_2763b588a3c987027a016a2aca677b51\"><img loading=\"lazy\" decoding=\"async\" width=\"570\" height=\"380\" src=\"https:\/\/palmsetrailer.eu\/wp-content\/uploads\/2022\/06\/laserloikur-Palmse-metallis-copy-570x380.jpeg\" class=\"attachment-img-570x380 size-img-570x380\" alt=\"laser-cutting-palmse-tractortrailer\" \/><\/a><\/li><\/ul><\/div><div class=\"splide__arrows hide-arrows\"><button class=\"splide__arrow splide__arrow--prev theme-icon\"><svg xmlns=\"http:\/\/www.w3.org\/2000\/svg\" width=\"12\" height=\"21\" viewBox=\"0 0 12 21\"><path d=\"M2858.5,3892a1.5,1.5,0,0,0,1.061-2.561l-7.939-7.939,7.939-7.939a1.5,1.5,0,0,0-2.121-2.121l-9,9a1.5,1.5,0,0,0,0,2.121l9,9A1.494,1.494,0,0,0,2858.5,3892Z\" transform=\"translate(-2848 -3871.001)\" fill=\"currentColor\"\/><\/svg><\/button><button class=\"splide__arrow splide__arrow--next theme-icon\"><svg xmlns=\"http:\/\/www.w3.org\/2000\/svg\" width=\"12\" height=\"21\" viewBox=\"0 0 12 21\"><path d=\"M2849.5,3892a1.5,1.5,0,0,1-1.061-2.561l7.939-7.939-7.939-7.939a1.5,1.5,0,0,1,2.121-2.121l9,9a1.5,1.5,0,0,1,0,2.121l-9,9A1.494,1.494,0,0,1,2849.5,3892Z\" transform=\"translate(-2848 -3871.001)\" fill=\"currentColor\"\/><\/svg><\/svg><\/button><\/div><\/div><\/div><\/div><\/div>\n\n<div id=\"acf-block_4469995fadce008f4fd1a188859cc1d7\" class=\"acf-block-element element-txtmedia\"><div class=\"row row-grid align-items-center\"><div class=\"col-12 col-md col-content order-md-1 offset-xl-1\" data-animate=\"T_FADE_LEFT\"><div class=\"col-inner\">\n\n<h3 class=\"wp-block-heading wp-el\">Our products are characterized by a very good price-quality ratio, simplicity and functionality. <\/h3>\n\n\n\n<p class=\"wp-el\">We export 90% of our production to Scandinavia and other parts of Europe. Our trailers can be appreciated by both farmers and road builders in Finland, Sweden, Norway, the Baltic countries and Central Europe. You can also find our trailers in Iceland with a harsh climate. In the domestic market, in addition to distributors, we also offer our products ourselves &#8211; this distribution model ensures more direct contact with the end consumer and provides valuable feedback to production. The trailers are ordered by large agricultural companies, family farms, road construction companies, landowners, municipalities etc.<\/p>\n\n\n\n<p class=\"wp-el\">For 20 years, we have improved and expanded the model range to offer the best. Palmse Trailer &#8211; a high-quality tractor trailer brand.<\/p>\n\n\n\n<p class=\"wp-el\">We look forward to your feedback and price inquiries. You can find the contacts of our employee <a href=\"https:\/\/en.palmsetrailer.eu\/contact\/\" target=\"_blank\" rel=\"noreferrer noopener\">here!<\/a><\/p>\n\n<\/div><\/div><div class=\"col-12 col-md-6 col-media\" data-animate=\"T_FADE_RIGHT\"><div class=\"splide\" data-splide={\"type\":\"fade\",\"pagination\":false}><div class=\"splide__track\"><ul class=\"splide__list\"><li class=\"splide__slide\"><a href=\"https:\/\/palmsetrailer.eu\/wp-content\/uploads\/2022\/10\/palmse-trailer-tractor-trailer-production.png\" data-fancybox=\"txtmedia-acf-block_4469995fadce008f4fd1a188859cc1d7\"><img loading=\"lazy\" decoding=\"async\" width=\"670\" height=\"447\" src=\"https:\/\/palmsetrailer.eu\/wp-content\/uploads\/2022\/10\/palmse-trailer-tractor-trailer-production-670x447.png\" class=\"attachment-img-570x380 size-img-570x380\" alt=\"Palmse Trailer tractor trailer production\" \/><\/a><\/li><\/ul><\/div><div class=\"splide__arrows hide-arrows\"><button class=\"splide__arrow splide__arrow--prev theme-icon\"><svg xmlns=\"http:\/\/www.w3.org\/2000\/svg\" width=\"12\" height=\"21\" viewBox=\"0 0 12 21\"><path d=\"M2858.5,3892a1.5,1.5,0,0,0,1.061-2.561l-7.939-7.939,7.939-7.939a1.5,1.5,0,0,0-2.121-2.121l-9,9a1.5,1.5,0,0,0,0,2.121l9,9A1.494,1.494,0,0,0,2858.5,3892Z\" transform=\"translate(-2848 -3871.001)\" fill=\"currentColor\"\/><\/svg><\/button><button class=\"splide__arrow splide__arrow--next theme-icon\"><svg xmlns=\"http:\/\/www.w3.org\/2000\/svg\" width=\"12\" height=\"21\" viewBox=\"0 0 12 21\"><path d=\"M2849.5,3892a1.5,1.5,0,0,1-1.061-2.561l7.939-7.939-7.939-7.939a1.5,1.5,0,0,1,2.121-2.121l9,9a1.5,1.5,0,0,1,0,2.121l-9,9A1.494,1.494,0,0,1,2849.5,3892Z\" transform=\"translate(-2848 -3871.001)\" fill=\"currentColor\"\/><\/svg><\/svg><\/button><\/div><\/div><\/div><\/div><\/div>\n\n<div id=\"acf-block_4e6c1de4017899084ef36efe79e29081\" class=\"acf-block-element element-txtmedia\"><div class=\"row row-grid align-items-center\"><div class=\"col-12 col-md col-content\" data-animate=\"T_FADE_RIGHT\"><div class=\"col-inner\">\n\n<h2 class=\"wp-block-heading wp-el\">SUSTAINABILITY<\/h2>\n\n\n\n<p class=\"wp-el\">At Palmse Trailer, we are committed to producing the best quality farming tractor trailers and machinery trailers. Our production area has been constantly growing over the years and needs a lot of energy, which is why in recent years we have been trying to find new ways to manage production more sustainably. <\/p>\n\n\n\n<p class=\"wp-el\">As a result of generating ideas, we came up with a more environmentally friendly solution: to create a solar panel park for Palmse Trailer. As for today, we are pleased to announce that we are able to use renewable energy from our own solar park. The power of the park is 500 kW and depending on the weather, it covers most of our electricity needs in production. The project was done in cooperation with <a href=\"https:\/\/enefitgreen.ee\/en\/avaleht\" target=\"_blank\" rel=\"noreferrer noopener\">Enefit Green.<\/a><\/p>\n\n\n\n<p class=\"wp-el\">Saving electricity and developing new possibilities for sustainable lifestyle is an ongoing process. We find that there are still many unused opportunities in our company, but we plan to move forward with our activities in terms of sustainable consumption.<\/p>\n\n<\/div><\/div><div class=\"col-12 col-md-6 col-media offset-xl-1\" data-animate=\"T_FADE_LEFT\"><div class=\"splide\" data-splide={\"type\":\"fade\",\"pagination\":false}><div class=\"splide__track\"><ul class=\"splide__list\"><li class=\"splide__slide\"><a href=\"https:\/\/palmsetrailer.eu\/wp-content\/uploads\/2022\/09\/green-energi-in-palmse-trailer.png\" data-fancybox=\"txtmedia-acf-block_4e6c1de4017899084ef36efe79e29081\"><img loading=\"lazy\" decoding=\"async\" width=\"670\" height=\"447\" src=\"https:\/\/palmsetrailer.eu\/wp-content\/uploads\/2022\/09\/green-energi-in-palmse-trailer-670x447.png\" class=\"attachment-img-570x380 size-img-570x380\" alt=\"Solar panel park - sustainability is important\" \/><\/a><\/li><\/ul><\/div><div class=\"splide__arrows hide-arrows\"><button class=\"splide__arrow splide__arrow--prev theme-icon\"><svg xmlns=\"http:\/\/www.w3.org\/2000\/svg\" width=\"12\" height=\"21\" viewBox=\"0 0 12 21\"><path d=\"M2858.5,3892a1.5,1.5,0,0,0,1.061-2.561l-7.939-7.939,7.939-7.939a1.5,1.5,0,0,0-2.121-2.121l-9,9a1.5,1.5,0,0,0,0,2.121l9,9A1.494,1.494,0,0,0,2858.5,3892Z\" transform=\"translate(-2848 -3871.001)\" fill=\"currentColor\"\/><\/svg><\/button><button class=\"splide__arrow splide__arrow--next theme-icon\"><svg xmlns=\"http:\/\/www.w3.org\/2000\/svg\" width=\"12\" height=\"21\" viewBox=\"0 0 12 21\"><path d=\"M2849.5,3892a1.5,1.5,0,0,1-1.061-2.561l7.939-7.939-7.939-7.939a1.5,1.5,0,0,1,2.121-2.121l9,9a1.5,1.5,0,0,1,0,2.121l-9,9A1.494,1.494,0,0,1,2849.5,3892Z\" transform=\"translate(-2848 -3871.001)\" fill=\"currentColor\"\/><\/svg><\/svg><\/button><\/div><\/div><\/div><\/div><\/div>\n\n<div id=\"acf-block_1410f6b4158619759299c6f8ecb26a43\" class=\"acf-block-element element-txtmedia\"><div class=\"row row-grid align-items-center\"><div class=\"col-12 col-md col-content order-md-1 offset-xl-1\" data-animate=\"T_FADE_LEFT\"><div class=\"col-inner\">\n\n<h2 class=\"wp-block-heading wp-el\">SPONSORSHIP<\/h2>\n\n\n\n<p class=\"wp-el\">Our desire at Palmse Trailer is to give some of our success back to the community. That is why we have supported various projects, activities and sports to a greater or lesser extent for many years. For more than 10 years, we have sponsored the successful career of Peeter Pruus as a professional cyclist. His good results in prestigious international competitions have brought a lot of joy and fame.<\/p>\n\n\n\n<p class=\"wp-el\">In addition, since 2016 we have had a successful cooperation with various local basketball clubs in our county L\u00e4\u00e4ne-Virumaa. This is largely due to Andres S\u00f5ber &#8211; a successful basketball coach and legendary sports enthusiast. He has been a great coach to the basketball team of Rakvere Tarvas for many years, which was also supported by Palmse Trailer. After the end of cooperation with this club, the legendary basketball coach S\u00f5ber moved to train another strong club in L\u00e4\u00e4ne-Virumaa, which is Tere \/ Kadrina Karud. Thus, Palmse Trailer also joined the team of sponsors of the Estonian Championship club Kadrina Karud, led by Andres S\u00f5ber. <\/p>\n\n\n\n<p class=\"wp-el\">In 2022, we will also support youth basketball: Palmse Trailer is sponsoring the Rakvere Sports School&#8217;s youth team in the U16 age group. The team plays in the Estonian Championship and Cup competitions as well as the European Youth League EYBL.<\/p>\n\n\n\n<p class=\"wp-el\">We try to contribute to the sports activities of local young people, because young people are our future and their healthy lifestyle must be at the top of the list of priorities.<\/p>\n\n<\/div><\/div><div class=\"col-12 col-md-6 col-media\" data-animate=\"T_FADE_RIGHT\"><div class=\"splide\" data-splide={\"type\":\"fade\",\"pagination\":false}><div class=\"splide__track\"><ul class=\"splide__list\"><li class=\"splide__slide\"><a href=\"https:\/\/palmsetrailer.eu\/wp-content\/uploads\/2022\/09\/basketball-sponsorship-edited.png\" data-fancybox=\"txtmedia-acf-block_1410f6b4158619759299c6f8ecb26a43\"><img loading=\"lazy\" decoding=\"async\" width=\"670\" height=\"447\" src=\"https:\/\/palmsetrailer.eu\/wp-content\/uploads\/2022\/09\/basketball-sponsorship-edited-670x447.png\" class=\"attachment-img-570x380 size-img-570x380\" alt=\"\" \/><\/a><\/li><\/ul><\/div><div class=\"splide__arrows hide-arrows\"><button class=\"splide__arrow splide__arrow--prev theme-icon\"><svg xmlns=\"http:\/\/www.w3.org\/2000\/svg\" width=\"12\" height=\"21\" viewBox=\"0 0 12 21\"><path d=\"M2858.5,3892a1.5,1.5,0,0,0,1.061-2.561l-7.939-7.939,7.939-7.939a1.5,1.5,0,0,0-2.121-2.121l-9,9a1.5,1.5,0,0,0,0,2.121l9,9A1.494,1.494,0,0,0,2858.5,3892Z\" transform=\"translate(-2848 -3871.001)\" fill=\"currentColor\"\/><\/svg><\/button><button class=\"splide__arrow splide__arrow--next theme-icon\"><svg xmlns=\"http:\/\/www.w3.org\/2000\/svg\" width=\"12\" height=\"21\" viewBox=\"0 0 12 21\"><path d=\"M2849.5,3892a1.5,1.5,0,0,1-1.061-2.561l7.939-7.939-7.939-7.939a1.5,1.5,0,0,1,2.121-2.121l9,9a1.5,1.5,0,0,1,0,2.121l-9,9A1.494,1.494,0,0,1,2849.5,3892Z\" transform=\"translate(-2848 -3871.001)\" fill=\"currentColor\"\/><\/svg><\/svg><\/button><\/div><\/div><\/div><\/div><\/div>","protected":false},"excerpt":{"rendered":"<p>The largest quality tractor trailer producer in the Nordic countries &#8211; Palmse Trailer<\/p>\n","protected":false},"author":1,"featured_media":2570,"parent":0,"menu_order":70,"comment_status":"closed","ping_status":"closed","template":"","meta":{"_acf_changed":false,"inline_featured_image":false,"footnotes":""},"class_list":["post-1476","page","type-page","status-publish","has-post-thumbnail","hentry"],"acf":[],"_links":{"self":[{"href":"https:\/\/palmsetrailer.eu\/en\/wp-json\/wp\/v2\/pages\/1476","targetHints":{"allow":["GET"]}}],"collection":[{"href":"https:\/\/palmsetrailer.eu\/en\/wp-json\/wp\/v2\/pages"}],"about":[{"href":"https:\/\/palmsetrailer.eu\/en\/wp-json\/wp\/v2\/types\/page"}],"author":[{"embeddable":true,"href":"https:\/\/palmsetrailer.eu\/en\/wp-json\/wp\/v2\/users\/1"}],"replies":[{"embeddable":true,"href":"https:\/\/palmsetrailer.eu\/en\/wp-json\/wp\/v2\/comments?post=1476"}],"version-history":[{"count":5,"href":"https:\/\/palmsetrailer.eu\/en\/wp-json\/wp\/v2\/pages\/1476\/revisions"}],"predecessor-version":[{"id":6954,"href":"https:\/\/palmsetrailer.eu\/en\/wp-json\/wp\/v2\/pages\/1476\/revisions\/6954"}],"wp:featuredmedia":[{"embeddable":true,"href":"https:\/\/palmsetrailer.eu\/en\/wp-json\/wp\/v2\/media\/2570"}],"wp:attachment":[{"href":"https:\/\/palmsetrailer.eu\/en\/wp-json\/wp\/v2\/media?parent=1476"}],"curies":[{"name":"wp","href":"https:\/\/api.w.org\/{rel}","templated":true}]}}