{"id":1807,"date":"2022-06-07T04:40:55","date_gmt":"2022-06-07T01:40:55","guid":{"rendered":"http:\/\/palmsetrailer.eu.klient.veebimajutus.ee\/kontakt\/"},"modified":"2026-03-25T14:28:17","modified_gmt":"2026-03-25T11:28:17","slug":"yhteystiedot","status":"publish","type":"page","link":"https:\/\/palmsetrailer.eu\/fi\/yhteystiedot\/","title":{"rendered":"Yhteystiedot"},"content":{"rendered":"\n<div class=\"wp-block-columns is-layout-flex wp-container-core-columns-is-layout-28f84493 wp-block-columns-is-layout-flex\">\n<div class=\"wp-block-column is-layout-flow wp-block-column-is-layout-flow\">\n<h2 class=\"wp-block-heading wp-el\">Palmse Metall O\u00dc<\/h2>\n\n\n\n<p class=\"wp-el\">V\u00f5supere kyl\u00e4, Haljala kunta, L\u00e4\u00e4ne-Virumaa 45405<\/p>\n\n\n\n<ul class=\"wp-block-list wp-el\">\n<li><a href=\"mailto:info@palmsetrailer.eu\">info@palmsetrailer.eu<\/a><\/li>\n\n\n\n<li><a href=\"tel:+3723260290\">+372 326 0290<\/a><\/li>\n\n\n\n<li><a href=\"tel:+37256450047\">+372 56 450 047<\/a><\/li>\n<\/ul>\n\n\n\n<iframe src=\"https:\/\/www.google.com\/maps\/embed?pb=!1m18!1m12!1m3!1d2024.8501744540852!2d25.95556841607924!3d59.502261381719684!2m3!1f0!2f0!3f0!3m2!1i1024!2i768!4f13.1!3m3!1m2!1s0x4693a80cdfa8cd81%3A0x1ecce239437e868e!2sPalmse%20Metall%20O%C3%9C!5e0!3m2!1sen!2see!4v1658983732003!5m2!1sen!2see\" width=\"100%\" height=\"250\" style=\"border:0;\" allowfullscreen=\"\" loading=\"lazy\" referrerpolicy=\"no-referrer-when-downgrade\"><\/iframe>\n<\/div>\n\n\n\n<div class=\"wp-block-column is-layout-flow wp-block-column-is-layout-flow\">\n<div class=\"wp-block-contact-form-7-contact-form-selector\">\n<div class=\"wpcf7 no-js\" id=\"wpcf7-f2383-o1\" lang=\"et\" dir=\"ltr\" data-wpcf7-id=\"2383\">\n<div class=\"screen-reader-response\"><p role=\"status\" aria-live=\"polite\" aria-atomic=\"true\"><\/p> <ul><\/ul><\/div>\n<form action=\"\/fi\/wp-json\/wp\/v2\/pages\/1807#wpcf7-f2383-o1\" method=\"post\" class=\"wpcf7-form init\" aria-label=\"Contact form\" novalidate=\"novalidate\" data-status=\"init\">\n<fieldset class=\"hidden-fields-container\"><input type=\"hidden\" name=\"_wpcf7\" value=\"2383\" \/><input type=\"hidden\" name=\"_wpcf7_version\" value=\"6.1.5\" \/><input type=\"hidden\" name=\"_wpcf7_locale\" value=\"et\" \/><input type=\"hidden\" name=\"_wpcf7_unit_tag\" value=\"wpcf7-f2383-o1\" \/><input type=\"hidden\" name=\"_wpcf7_container_post\" value=\"0\" \/><input type=\"hidden\" name=\"_wpcf7_posted_data_hash\" value=\"\" \/><input type=\"hidden\" name=\"_wpcf7_recaptcha_response\" value=\"\" \/>\n<\/fieldset>\n<div class=\"row row-grid\">\n<div class=\"col-12 col-md-6\"><label>Etu-ja sukunimi *<\/label><span class=\"wpcf7-form-control-wrap\" data-name=\"your-name\"><input size=\"40\" maxlength=\"400\" class=\"wpcf7-form-control wpcf7-text wpcf7-validates-as-required\" aria-required=\"true\" aria-invalid=\"false\" value=\"\" type=\"text\" name=\"your-name\" \/><\/span><\/div>\n<div class=\"col-12 col-md-6\"><label>Yhti\u00f6<\/label><span class=\"wpcf7-form-control-wrap\" data-name=\"your-company\"><input size=\"40\" maxlength=\"400\" class=\"wpcf7-form-control wpcf7-text\" aria-invalid=\"false\" value=\"\" type=\"text\" name=\"your-company\" \/><\/span><\/div>\n\n<div class=\"col-12 col-md-6\"><label>Puhelinnumero *<\/label><span class=\"wpcf7-form-control-wrap\" data-name=\"your-phone\"><input size=\"40\" maxlength=\"400\" class=\"wpcf7-form-control wpcf7-text wpcf7-validates-as-required\" aria-required=\"true\" aria-invalid=\"false\" value=\"\" type=\"text\" name=\"your-phone\" \/><\/span><\/div>\n<div class=\"col-12 col-md-6\"><label>S\u00e4hk\u00f6postiosoite *<\/label><span class=\"wpcf7-form-control-wrap\" data-name=\"your-email\"><input size=\"40\" maxlength=\"400\" class=\"wpcf7-form-control wpcf7-email wpcf7-validates-as-required wpcf7-text wpcf7-validates-as-email\" aria-required=\"true\" aria-invalid=\"false\" value=\"\" type=\"email\" name=\"your-email\" \/><\/span><\/div>\n\n<div class=\"col-12\"><label>Viesti vapaassa muodossa *<\/label><span class=\"wpcf7-form-control-wrap\" data-name=\"your-message\"><textarea cols=\"40\" rows=\"10\" maxlength=\"2000\" class=\"wpcf7-form-control wpcf7-textarea wpcf7-validates-as-required\" aria-required=\"true\" aria-invalid=\"false\" name=\"your-message\"><\/textarea><\/span><\/div>\n<div class=\"col-12\"><span class=\"wpcf7-form-control-wrap\" data-name=\"acceptance-756\"><span class=\"wpcf7-form-control wpcf7-acceptance\"><span class=\"wpcf7-list-item\"><label><input type=\"checkbox\" name=\"acceptance-756\" value=\"1\" id=\"httpspalmsetrailereuprivaatsuspoliitika\" aria-invalid=\"false\" \/><span class=\"wpcf7-list-item-label\">Hyv\u00e4ksyn tietosuojaselosteen <a href=\"https:\/\/palmsetrailer.fi\/tietosuojaseloste\/\" target=\"_blank\" rel=\"noopener\">ehdot<\/a>.<\/span><\/label><\/span><\/span><\/span><\/div>\n<div class=\"col-12 text-center\"><input class=\"wpcf7-form-control wpcf7-submit has-spinner\" type=\"submit\" value=\"L\u00e4het\u00e4 pyynt\u00f6\" \/><\/div>\n<\/div><div class=\"wpcf7-response-output\" aria-hidden=\"true\"><\/div>\n<\/form>\n<\/div>\n<\/div>\n\n\n\n<figure class=\"wp-block-image size-full is-resized\"><img loading=\"lazy\" decoding=\"async\" width=\"2126\" height=\"709\" src=\"https:\/\/palmsetrailer.eu\/wp-content\/uploads\/2023\/01\/Kaubanduskoda-liikmelogo_ENG_logo_horiz.jpg\" alt=\"\" class=\"wp-image-4935\" style=\"aspect-ratio:2.998668914721803;width:287px;height:auto\"\/><\/figure>\n\n\n\n<figure class=\"wp-block-image size-full is-resized\"><img loading=\"lazy\" decoding=\"async\" width=\"1180\" height=\"426\" src=\"https:\/\/palmsetrailer.eu\/wp-content\/uploads\/2026\/03\/BVCER_withoutQR-ISO-9001-2.png\" alt=\"\" class=\"wp-image-7490\" style=\"aspect-ratio:2.770063119927863;width:278px;height:auto\"\/><\/figure>\n<\/div>\n<\/div>\n\n\n<div id=\"acf-block_5f3ade25841f67221bcdd93c2954c4a4\" class=\"acf-block-element element-posts\"><div class=\"row row-grid-alt row-posts\"><div class=\"col-12 col-sm-6 col-lg-4\"><div id=\"post-1629\" class=\"post-item position-relative h-100\" data-animate=\"T_FADE_UP\"><div class=\"post-item__thumb d-block position-relative theme-icon\"><img loading=\"lazy\" decoding=\"async\" width=\"370\" height=\"247\" src=\"https:\/\/palmsetrailer.eu\/wp-content\/uploads\/2022\/07\/Palmse-Trailer-Dumper-Trailer2.jpeg\" class=\"attachment-thumbnail size-thumbnail wp-post-image\" alt=\"\" srcset=\"https:\/\/palmsetrailer.eu\/wp-content\/uploads\/2022\/07\/Palmse-Trailer-Dumper-Trailer2.jpeg 3008w, https:\/\/palmsetrailer.eu\/wp-content\/uploads\/2022\/07\/Palmse-Trailer-Dumper-Trailer2-670x447.jpeg 670w, https:\/\/palmsetrailer.eu\/wp-content\/uploads\/2022\/07\/Palmse-Trailer-Dumper-Trailer2-670x447@2x.jpeg 1340w\" sizes=\"auto, (max-width: 370px) 100vw, 370px\" \/><\/div><div class=\"post-item__excerpt\"><p class=\"font-weight-demibold text-uppercase\">Myynti<\/p><div class=\"contact-methods\"><p>E-mail: <a href=\"mailto:sales@palmsetrailer.eu\" class=\"d-inline-flex flex-wrap align-items-center\">sales@palmsetrailer.eu<\/a><\/p><p>Phone: <a href=\"tel:+37256450047\" class=\"d-inline-flex flex-wrap align-items-center\">+372 5645 0047<\/a><\/p><\/div><\/div><\/div><\/div><\/div><\/div>\n\n\n<h2 class=\"wp-block-heading has-text-align-center wp-el\">J\u00c4LLEENMYYJ\u00c4<\/h2>\n\n\n<div id=\"acf-block_7b3eaabc8c78c317c4c315816631db87\" class=\"acf-block-element element-image-hotspots\"><div class=\"wpcmtt_hotspot_container\"><img decoding=\"async\" id=\"wpcmtt_image_hotspots_2745\" src=\"https:\/\/palmsetrailer.eu\/wp-content\/uploads\/2022\/09\/Palmse-reseller-map-of-europe-bc.png\" ><div class='wpcmtt-hotspot' style='top:18.85%; left:24.34%;' data-hotspot_id='2745_1' ><img class='wpcmtt_hotspot_pin' id='hotspot_2745_1' src='https:\/\/palmsetrailer.eu\/wp-content\/uploads\/2022\/06\/holder.svg' ><\/div><div class='wpcmtt-hotspot' style='top:28.68%; left:59.36%;' data-hotspot_id='2745_2' ><img class='wpcmtt_hotspot_pin' id='hotspot_2745_2' src='https:\/\/palmsetrailer.eu\/wp-content\/uploads\/2022\/06\/holder.svg' ><\/div><div class='wpcmtt-hotspot' style='top:54.36%; left:41.74%;' data-hotspot_id='2745_3' ><img class='wpcmtt_hotspot_pin' id='hotspot_2745_3' src='https:\/\/palmsetrailer.eu\/wp-content\/uploads\/2022\/06\/holder.svg' ><\/div><div class='wpcmtt-hotspot' style='top:32.91%; left:45.34%;' data-hotspot_id='2745_4' ><img class='wpcmtt_hotspot_pin' id='hotspot_2745_4' src='https:\/\/palmsetrailer.eu\/wp-content\/uploads\/2022\/06\/holder.svg' ><\/div><div class='wpcmtt-hotspot' style='top:44.97%; left:46.14%;' data-hotspot_id='2745_5' ><img class='wpcmtt_hotspot_pin' id='hotspot_2745_5' src='https:\/\/palmsetrailer.eu\/wp-content\/uploads\/2022\/06\/holder.svg' ><\/div><div class='wpcmtt-hotspot' style='top:53.39%; left:57.20%;' data-hotspot_id='2745_6' ><img class='wpcmtt_hotspot_pin' id='hotspot_2745_6' src='https:\/\/palmsetrailer.eu\/wp-content\/uploads\/2022\/06\/holder.svg' ><\/div><div class='wpcmtt-hotspot' style='top:44.51%; left:61.17%;' data-hotspot_id='2745_7' ><img class='wpcmtt_hotspot_pin' id='hotspot_2745_7' src='https:\/\/palmsetrailer.eu\/wp-content\/uploads\/2022\/06\/holder.svg' ><\/div><div class='wpcmtt-hotspot' style='top:37.51%; left:50.57%;' data-hotspot_id='2745_8' ><img class='wpcmtt_hotspot_pin' id='hotspot_2745_8' src='https:\/\/palmsetrailer.eu\/wp-content\/uploads\/2022\/06\/holder.svg' ><\/div><div class='wpcmtt-hotspot' style='top:40.01%; left:62.06%;' data-hotspot_id='2745_9' ><img class='wpcmtt_hotspot_pin' id='hotspot_2745_9' src='https:\/\/palmsetrailer.eu\/wp-content\/uploads\/2022\/06\/holder.svg' ><\/div><div class='wpcmtt-hotspot' style='top:35.39%; left:61.35%;' data-hotspot_id='2745_10' ><img class='wpcmtt_hotspot_pin' id='hotspot_2745_10' src='https:\/\/palmsetrailer.eu\/wp-content\/uploads\/2022\/06\/holder.svg' ><\/div><div class='wpcmtt-hotspot' style='top:60.52%; left:53.31%;' data-hotspot_id='2745_11' ><img class='wpcmtt_hotspot_pin' id='hotspot_2745_11' src='https:\/\/palmsetrailer.eu\/wp-content\/uploads\/2022\/06\/holder.svg' ><\/div><div class='wpcmtt-hotspot' style='top:62.50%; left:57.93%;' data-hotspot_id='2745_12' ><img class='wpcmtt_hotspot_pin' id='hotspot_2745_12' src='https:\/\/palmsetrailer.eu\/wp-content\/uploads\/2022\/06\/holder.svg' ><\/div><div class='wpcmtt-hotspot' style='top:62.93%; left:47.64%;' data-hotspot_id='2745_13' ><img class='wpcmtt_hotspot_pin' id='hotspot_2745_13' src='https:\/\/palmsetrailer.eu\/wp-content\/uploads\/2022\/06\/holder.svg' ><\/div><div class='wpcmtt-hotspot' style='top:68.77%; left:45.18%;' data-hotspot_id='2745_14' ><img class='wpcmtt_hotspot_pin' id='hotspot_2745_14' src='https:\/\/palmsetrailer.eu\/wp-content\/uploads\/2022\/06\/holder.svg' ><\/div><span class='wpcmtt ' data-wpcmtt-id='2745_1' data-wpcmtt-selector='.wpcmtt-hotspot[data-hotspot_id=&#039;2745_1&#039;] .wpcmtt_hotspot_pin'  data-wpcmtt-type=text data-wpcmtt-style_id='128' style='display:block; position: absolute; left: -28000px; top: -28000px;'>Islanti<br \/>\r\nBuvis<br \/>\r\nbuvis.is<\/span><span class='wpcmtt ' data-wpcmtt-id='2745_2' data-wpcmtt-selector='.wpcmtt-hotspot[data-hotspot_id=&#039;2745_2&#039;] .wpcmtt_hotspot_pin'  data-wpcmtt-type=text data-wpcmtt-style_id='128' style='display:block; position: absolute; left: -28000px; top: -28000px;'>Suomi<br \/>\r\nRentti Tracwest OY<br \/>\r\nrentti.com <br \/>\r\n<br \/>\r\n<br \/>\r\n<\/span><span class='wpcmtt ' data-wpcmtt-id='2745_3' data-wpcmtt-selector='.wpcmtt-hotspot[data-hotspot_id=&#039;2745_3&#039;] .wpcmtt_hotspot_pin'  data-wpcmtt-type=text data-wpcmtt-style_id='128' style='display:block; position: absolute; left: -28000px; top: -28000px;'>Alankomaat<br \/>\r\nFa. Groenewegen v.o.f.<br \/>\r\nwww.fagroenewegen.nl <\/span><span class='wpcmtt ' data-wpcmtt-id='2745_4' data-wpcmtt-selector='.wpcmtt-hotspot[data-hotspot_id=&#039;2745_4&#039;] .wpcmtt_hotspot_pin'  data-wpcmtt-type=text data-wpcmtt-style_id='128' style='display:block; position: absolute; left: -28000px; top: -28000px;'>Norja<br \/>\r\nHCP Ringen<br \/>\r\nwww.hcpringen.no<\/span><span class='wpcmtt ' data-wpcmtt-id='2745_5' data-wpcmtt-selector='.wpcmtt-hotspot[data-hotspot_id=&#039;2745_5&#039;] .wpcmtt_hotspot_pin'  data-wpcmtt-type=text data-wpcmtt-style_id='128' style='display:block; position: absolute; left: -28000px; top: -28000px;'>Tanska<br \/>\r\nSaltbaek Agro<br \/>\r\nsaltbaekagro.dk<\/span><span class='wpcmtt ' data-wpcmtt-id='2745_6' data-wpcmtt-selector='.wpcmtt-hotspot[data-hotspot_id=&#039;2745_6&#039;] .wpcmtt_hotspot_pin'  data-wpcmtt-type=text data-wpcmtt-style_id='128' style='display:block; position: absolute; left: -28000px; top: -28000px;'>Puola<br \/>\r\nKompania Lesna<br \/>\r\nkompanialesna.pl<\/span><span class='wpcmtt ' data-wpcmtt-id='2745_7' data-wpcmtt-selector='.wpcmtt-hotspot[data-hotspot_id=&#039;2745_7&#039;] .wpcmtt_hotspot_pin'  data-wpcmtt-type=text data-wpcmtt-style_id='128' style='display:block; position: absolute; left: -28000px; top: -28000px;'>Liettua<br \/>\r\nHoro Mechanika<br \/>\r\nwww.horomechanika.lt<\/span><span class='wpcmtt ' data-wpcmtt-id='2745_8' data-wpcmtt-selector='.wpcmtt-hotspot[data-hotspot_id=&#039;2745_8&#039;] .wpcmtt_hotspot_pin'  data-wpcmtt-type=text data-wpcmtt-style_id='128' style='display:block; position: absolute; left: -28000px; top: -28000px;'>Ruotsi<br \/>\r\nNordfarm<br \/>\r\nnordfarm.se<\/span><span class='wpcmtt ' data-wpcmtt-id='2745_9' data-wpcmtt-selector='.wpcmtt-hotspot[data-hotspot_id=&#039;2745_9&#039;] .wpcmtt_hotspot_pin'  data-wpcmtt-type=text data-wpcmtt-style_id='128' style='display:block; position: absolute; left: -28000px; top: -28000px;'>Latvia<br \/>\r\nSIA Heta<br \/>\r\nheta.lv<\/span><span class='wpcmtt ' data-wpcmtt-id='2745_10' data-wpcmtt-selector='.wpcmtt-hotspot[data-hotspot_id=&#039;2745_10&#039;] .wpcmtt_hotspot_pin'  data-wpcmtt-type=text data-wpcmtt-style_id='128' style='display:block; position: absolute; left: -28000px; top: -28000px;'>Viro<br \/>\r\n1) Wihuri Agri<br \/>\r\nwww.wihuriagri.com<br \/>\r\n2) Stokker<br \/>\r\nstokker.ee<\/span><span class='wpcmtt ' data-wpcmtt-id='2745_11' data-wpcmtt-selector='.wpcmtt-hotspot[data-hotspot_id=&#039;2745_11&#039;] .wpcmtt_hotspot_pin'  data-wpcmtt-type=text data-wpcmtt-style_id='128' style='display:block; position: absolute; left: -28000px; top: -28000px;'>T\u0161ekin tasavalta<br \/>\r\nToko Agri<br \/>\r\nwww.toko.cz<br \/>\r\n<\/span><span class='wpcmtt ' data-wpcmtt-id='2745_12' data-wpcmtt-selector='.wpcmtt-hotspot[data-hotspot_id=&#039;2745_12&#039;] .wpcmtt_hotspot_pin'  data-wpcmtt-type=text data-wpcmtt-style_id='128' style='display:block; position: absolute; left: -28000px; top: -28000px;'>Slovakia <br \/>\r\nToko Agri a.s<br \/>\r\nwww.toko.cz<\/span><span class='wpcmtt ' data-wpcmtt-id='2745_13' data-wpcmtt-selector='.wpcmtt-hotspot[data-hotspot_id=&#039;2745_13&#039;] .wpcmtt_hotspot_pin'  data-wpcmtt-type=text data-wpcmtt-style_id='128' style='display:block; position: absolute; left: -28000px; top: -28000px;'>Saksa<br \/>\r\nSchwarz Gruppe<br \/>\r\nwww.schwarz-erde.de<\/span><span class='wpcmtt ' data-wpcmtt-id='2745_14' data-wpcmtt-selector='.wpcmtt-hotspot[data-hotspot_id=&#039;2745_14&#039;] .wpcmtt_hotspot_pin'  data-wpcmtt-type=text data-wpcmtt-style_id='128' style='display:block; position: absolute; left: -28000px; top: -28000px;'>Sveitsi<br \/>\r\nSamuel Stauffer SA<br \/>\r\nhttp:\/\/www.stauffer-cie.ch\/<\/span><\/div><style> #hotspot_2745_1,#hotspot_2745_2,#hotspot_2745_3,#hotspot_2745_4,#hotspot_2745_5,#hotspot_2745_6,#hotspot_2745_7,#hotspot_2745_8,#hotspot_2745_9,#hotspot_2745_10,#hotspot_2745_11,#hotspot_2745_12,#hotspot_2745_13,#hotspot_2745_14{\n                -webkit-transform: translate(-50%, -50%);transform: translate(-50%, -50%);\n                    \n                } <\/style><\/div>","protected":false},"excerpt":{"rendered":"<p>Palmse Metall O\u00dc V\u00f5supere kyl\u00e4, Haljala kunta, L\u00e4\u00e4ne-Virumaa 45405 J\u00c4LLEENMYYJ\u00c4<\/p>\n","protected":false},"author":1,"featured_media":2569,"parent":0,"menu_order":90,"comment_status":"closed","ping_status":"closed","template":"","meta":{"_acf_changed":false,"inline_featured_image":false,"footnotes":""},"class_list":["post-1807","page","type-page","status-publish","has-post-thumbnail","hentry"],"acf":[],"_links":{"self":[{"href":"https:\/\/palmsetrailer.eu\/fi\/wp-json\/wp\/v2\/pages\/1807","targetHints":{"allow":["GET"]}}],"collection":[{"href":"https:\/\/palmsetrailer.eu\/fi\/wp-json\/wp\/v2\/pages"}],"about":[{"href":"https:\/\/palmsetrailer.eu\/fi\/wp-json\/wp\/v2\/types\/page"}],"author":[{"embeddable":true,"href":"https:\/\/palmsetrailer.eu\/fi\/wp-json\/wp\/v2\/users\/1"}],"replies":[{"embeddable":true,"href":"https:\/\/palmsetrailer.eu\/fi\/wp-json\/wp\/v2\/comments?post=1807"}],"version-history":[{"count":5,"href":"https:\/\/palmsetrailer.eu\/fi\/wp-json\/wp\/v2\/pages\/1807\/revisions"}],"predecessor-version":[{"id":7496,"href":"https:\/\/palmsetrailer.eu\/fi\/wp-json\/wp\/v2\/pages\/1807\/revisions\/7496"}],"wp:featuredmedia":[{"embeddable":true,"href":"https:\/\/palmsetrailer.eu\/fi\/wp-json\/wp\/v2\/media\/2569"}],"wp:attachment":[{"href":"https:\/\/palmsetrailer.eu\/fi\/wp-json\/wp\/v2\/media?parent=1807"}],"curies":[{"name":"wp","href":"https:\/\/api.w.org\/{rel}","templated":true}]}}