{"id":1808,"date":"2022-06-07T04:40:39","date_gmt":"2022-06-07T01:40:39","guid":{"rendered":"http:\/\/palmsetrailer.eu.klient.veebimajutus.ee\/meist\/"},"modified":"2024-05-09T09:56:37","modified_gmt":"2024-05-09T06:56:37","slug":"yritys","status":"publish","type":"page","link":"https:\/\/palmsetrailer.eu\/fi\/yritys\/","title":{"rendered":"Yritys"},"content":{"rendered":"<div id=\"acf-block_19f79be923287ec9ea2d86dcfeb98b9a\" class=\"acf-block-element element-txtmedia\"><div class=\"row row-grid align-items-center\"><div class=\"col-12 col-md col-content\" data-animate=\"T_FADE_RIGHT\"><div class=\"col-inner\">\n\n<h3 class=\"wp-block-heading wp-el\"><strong>Palmse Metall O\u00dc on Virossa toimiva, ISO 9001 -sertifioitu, laadukkaiden maatalous- ja maansiirtok\u00e4ytt\u00f6\u00f6n tarkoitettujen per\u00e4vaunujen valmistaja sek\u00e4 Palmse Trailer -tuotemerkin omistaja.<\/strong><\/h3>\n\n\n\n<p class=\"wp-el\">Tuotteemme ovat tunnettuja ja arvostettuja Skandinaviassa sek\u00e4 muualla Euroopassa. Per\u00e4vaunujen valmistus aloitettiin L\u00e4nsi-Virumaalla Palmsen kyl\u00e4ss\u00e4 jo l\u00e4hes 20 vuotta sitten. Palmse Trailerin mallistoon kuuluu maansiirto-, paali-, vilja-, karjankuljetus- ja koukkuper\u00e4vaunuja sek\u00e4 koneenkuljetuslavetteja. Lis\u00e4ksi mallistomme on hiljattain laajentunut kuljetinhihnaper\u00e4vaunulla, jonka vakiovarustelu nostaa Palmse Trailerin per\u00e4vaunutuotannon uudelle tasolle.<\/p>\n\n<\/div><\/div><div class=\"col-12 col-md-6 col-media offset-xl-1\" data-animate=\"T_FADE_LEFT\"><div class=\"splide\" data-splide={\"type\":\"fade\",\"pagination\":false}><div class=\"splide__track\"><ul class=\"splide__list\"><li class=\"splide__slide\"><a href=\"https:\/\/palmsetrailer.eu\/wp-content\/uploads\/2024\/05\/1610-proline_iso.jpg\" data-fancybox=\"txtmedia-acf-block_19f79be923287ec9ea2d86dcfeb98b9a\"><img loading=\"lazy\" decoding=\"async\" width=\"670\" height=\"447\" src=\"https:\/\/palmsetrailer.eu\/wp-content\/uploads\/2024\/05\/1610-proline_iso-670x447.jpg\" class=\"attachment-img-570x380 size-img-570x380\" alt=\"\" srcset=\"https:\/\/palmsetrailer.eu\/wp-content\/uploads\/2024\/05\/1610-proline_iso-670x447.jpg 670w, https:\/\/palmsetrailer.eu\/wp-content\/uploads\/2024\/05\/1610-proline_iso.jpg 1618w, https:\/\/palmsetrailer.eu\/wp-content\/uploads\/2024\/05\/1610-proline_iso-670x447@2x.jpg 1340w\" sizes=\"auto, (max-width: 670px) 100vw, 670px\" \/><\/a><\/li><\/ul><\/div><div class=\"splide__arrows hide-arrows\"><button class=\"splide__arrow splide__arrow--prev theme-icon\"><svg xmlns=\"http:\/\/www.w3.org\/2000\/svg\" width=\"12\" height=\"21\" viewBox=\"0 0 12 21\"><path d=\"M2858.5,3892a1.5,1.5,0,0,0,1.061-2.561l-7.939-7.939,7.939-7.939a1.5,1.5,0,0,0-2.121-2.121l-9,9a1.5,1.5,0,0,0,0,2.121l9,9A1.494,1.494,0,0,0,2858.5,3892Z\" transform=\"translate(-2848 -3871.001)\" fill=\"currentColor\"\/><\/svg><\/button><button class=\"splide__arrow splide__arrow--next theme-icon\"><svg xmlns=\"http:\/\/www.w3.org\/2000\/svg\" width=\"12\" height=\"21\" viewBox=\"0 0 12 21\"><path d=\"M2849.5,3892a1.5,1.5,0,0,1-1.061-2.561l7.939-7.939-7.939-7.939a1.5,1.5,0,0,1,2.121-2.121l9,9a1.5,1.5,0,0,1,0,2.121l-9,9A1.494,1.494,0,0,1,2849.5,3892Z\" transform=\"translate(-2848 -3871.001)\" fill=\"currentColor\"\/><\/svg><\/svg><\/button><\/div><\/div><\/div><\/div><\/div>\n\n<div id=\"acf-block_8ac6c1554636326c3252a5139a5e7ac5\" class=\"acf-block-element element-txtmedia\"><div class=\"row row-grid align-items-center\"><div class=\"col-12 col-md col-content order-md-1 offset-xl-1\" data-animate=\"T_FADE_LEFT\"><div class=\"col-inner\">\n\n<h3 class=\"wp-block-heading wp-el\">Vahvuutemme on tasainen laatu, mik\u00e4 auttaa meit\u00e4 olemaan yksi parhaista traktorin per\u00e4vaunuvalmistajista koko alueella. 20 vuoden kokemus ja jatkuva kehitysty\u00f6 takaavat entist\u00e4 paremmat tuotteet sek\u00e4 luotettavan kumppanuuden j\u00e4lleenmyyjien kanssa.<\/h3>\n\n\n\n<p class=\"wp-el\">Haljalan kunnassa, Lahemaan kansallispuiston vieress\u00e4 sijaitsevan tuotantokompleksimme kokonaispinta-ala on l\u00e4hes 10 000 m\u00b2. Olemme kehitt\u00e4neet ja laajentaneet tuotantotilojamme vuosien varrella ja sen lis\u00e4ksi panostamme jatkuvasti my\u00f6s tuotantokapasiteettiimme: vuodesta 2021 l\u00e4htien olemme l\u00e4hiseudun ainoa per\u00e4vaunuvalmistaja, joka k\u00e4ytt\u00e4\u00e4 metallin leikkaamiseen naapurimaiden suurimpiin kuuluvaa laserleikkuria ja kippiper\u00e4vaunujen lavojen ja runkojen kokoamiseen hitsausrobotteja. T\u00e4m\u00e4 takaa eritt\u00e4in tasaisen laadun, mik\u00e4 puolestaan takaa viel\u00e4kin paremman kest\u00e4vyyden. Nykyaikaisen <a href=\"https:\/\/www.bystronic.com\/en\/products\/laser-cutting-systems\/\" target=\"_blank\" rel=\"noreferrer noopener\">Bystronic<\/a>-laserleikkurin, hitsausrobottien ja motivoituneiden ty\u00f6ntekij\u00f6idemme avulla valmistamme laadukkaita ja kest\u00e4vi\u00e4 traktorin per\u00e4vaunuja.<\/p>\n\n<\/div><\/div><div class=\"col-12 col-md-6 col-media\" data-animate=\"T_FADE_RIGHT\"><div class=\"splide\" data-splide={\"type\":\"fade\",\"pagination\":false}><div class=\"splide__track\"><ul class=\"splide__list\"><li class=\"splide__slide\"><a href=\"https:\/\/palmsetrailer.eu\/wp-content\/uploads\/2022\/06\/DSC_8499-scaled-1200x801.jpg\" data-fancybox=\"txtmedia-acf-block_8ac6c1554636326c3252a5139a5e7ac5\"><img loading=\"lazy\" decoding=\"async\" width=\"670\" height=\"447\" src=\"https:\/\/palmsetrailer.eu\/wp-content\/uploads\/2022\/06\/DSC_8499-scaled-670x447.jpg\" class=\"attachment-img-570x380 size-img-570x380\" alt=\"robot welding, kvaliteet, vastupidavus, robotkeevitus\" srcset=\"https:\/\/palmsetrailer.eu\/wp-content\/uploads\/2022\/06\/DSC_8499-scaled-670x447.jpg 670w, https:\/\/palmsetrailer.eu\/wp-content\/uploads\/2022\/06\/DSC_8499-scaled-1200x801.jpg 1200w, https:\/\/palmsetrailer.eu\/wp-content\/uploads\/2022\/06\/DSC_8499-scaled-670x447@2x.jpg 1340w, https:\/\/palmsetrailer.eu\/wp-content\/uploads\/2022\/06\/DSC_8499-scaled-1200x801@2x.jpg 2400w\" sizes=\"auto, (max-width: 670px) 100vw, 670px\" \/><\/a><\/li><\/ul><\/div><div class=\"splide__arrows hide-arrows\"><button class=\"splide__arrow splide__arrow--prev theme-icon\"><svg xmlns=\"http:\/\/www.w3.org\/2000\/svg\" width=\"12\" height=\"21\" viewBox=\"0 0 12 21\"><path d=\"M2858.5,3892a1.5,1.5,0,0,0,1.061-2.561l-7.939-7.939,7.939-7.939a1.5,1.5,0,0,0-2.121-2.121l-9,9a1.5,1.5,0,0,0,0,2.121l9,9A1.494,1.494,0,0,0,2858.5,3892Z\" transform=\"translate(-2848 -3871.001)\" fill=\"currentColor\"\/><\/svg><\/button><button class=\"splide__arrow splide__arrow--next theme-icon\"><svg xmlns=\"http:\/\/www.w3.org\/2000\/svg\" width=\"12\" height=\"21\" viewBox=\"0 0 12 21\"><path d=\"M2849.5,3892a1.5,1.5,0,0,1-1.061-2.561l7.939-7.939-7.939-7.939a1.5,1.5,0,0,1,2.121-2.121l9,9a1.5,1.5,0,0,1,0,2.121l-9,9A1.494,1.494,0,0,1,2849.5,3892Z\" transform=\"translate(-2848 -3871.001)\" fill=\"currentColor\"\/><\/svg><\/svg><\/button><\/div><\/div><\/div><\/div><\/div>\n\n<div id=\"acf-block_d13dc0d2ea802910b9aab08fa3b4f131\" class=\"acf-block-element element-txtmedia\"><div class=\"row row-grid align-items-center\"><div class=\"col-12 col-md col-content\" data-animate=\"T_FADE_RIGHT\"><div class=\"col-inner\">\n\n<p class=\"wp-el\">Palmse Metall O\u00dc:n tavoite, olla luotettava kumppani maatalousper\u00e4vaunujen ja muiden traktorin per\u00e4vaunujen valmistajana, on tuottanut tulosta maailmantalouden ep\u00e4vakaasta tilanteesta huolimatta, vuonna 2022 olemme 10 miljoonan euron vuosiliikevaihdossa.<\/p>\n\n\n\n<p class=\"wp-el\"><strong>Olemme kehitt\u00e4neet yli 100 erilaista mallia ja suuri lis\u00e4varustevalikoimamme saa kiitosta asiakkailtamme.<\/strong><\/p>\n\n\n\n<p class=\"wp-el\">Black Bruin -yhti\u00f6n hydrauliset napamoottorit, traktorista kauko-ohjattava kuljetusj\u00e4rjestelm\u00e4, kauko-ohjattava lastaussysteemi, metalliv\u00e4rit, hydrauli- ja ilmajousitus, laaja valikoima erilaisia \u200b\u200btakalaitoja, mm. sivulle avautuva hydraulinen takalaita, ovat vain muutamia vaihtoehtoja. Sitoutuminen tuotteiden kehitt\u00e4miseen saamamme palautteen ja asiakkaiden toiveiden perusteella on tuonut paljon kiitosta. Palmse Trailerin tavoite t\u00e4ytt\u00e4\u00e4 korkeimmat laatuvaatimukset, varmistaakseen parhaiden ja pitk\u00e4ik\u00e4isen tuotteiden tarjoamisen asiakkaille, on vahvistettu my\u00f6s virallisesti: Palmse Trailer -tuotemerkin omistajalle, Palmse Metall O\u00dc:lle, on my\u00f6nnetty ISO 9001 -sertifikaatti. Lue lis\u00e4\u00e4 sertifioinnista <a href=\"https:\/\/certification.bureauveritas.com\/needs\/quality-management-system-iso-9001-certification\" target=\"_blank\" rel=\"noreferrer noopener\">t\u00e4\u00e4lt\u00e4.<\/a><\/p>\n\n<\/div><\/div><div class=\"col-12 col-md-6 col-media offset-xl-1\" data-animate=\"T_FADE_LEFT\"><div class=\"splide\" data-splide={\"type\":\"fade\",\"pagination\":false}><div class=\"splide__track\"><ul class=\"splide__list\"><li class=\"splide__slide\"><a href=\"https:\/\/palmsetrailer.eu\/wp-content\/uploads\/2022\/06\/laserloikur-Palmse-metallis-copy.jpeg\" data-fancybox=\"txtmedia-acf-block_d13dc0d2ea802910b9aab08fa3b4f131\"><img loading=\"lazy\" decoding=\"async\" width=\"670\" height=\"447\" src=\"https:\/\/palmsetrailer.eu\/wp-content\/uploads\/2022\/06\/laserloikur-Palmse-metallis-copy-670x447.jpeg\" class=\"attachment-img-570x380 size-img-570x380\" alt=\"\" \/><\/a><\/li><\/ul><\/div><div class=\"splide__arrows hide-arrows\"><button class=\"splide__arrow splide__arrow--prev theme-icon\"><svg xmlns=\"http:\/\/www.w3.org\/2000\/svg\" width=\"12\" height=\"21\" viewBox=\"0 0 12 21\"><path d=\"M2858.5,3892a1.5,1.5,0,0,0,1.061-2.561l-7.939-7.939,7.939-7.939a1.5,1.5,0,0,0-2.121-2.121l-9,9a1.5,1.5,0,0,0,0,2.121l9,9A1.494,1.494,0,0,0,2858.5,3892Z\" transform=\"translate(-2848 -3871.001)\" fill=\"currentColor\"\/><\/svg><\/button><button class=\"splide__arrow splide__arrow--next theme-icon\"><svg xmlns=\"http:\/\/www.w3.org\/2000\/svg\" width=\"12\" height=\"21\" viewBox=\"0 0 12 21\"><path d=\"M2849.5,3892a1.5,1.5,0,0,1-1.061-2.561l7.939-7.939-7.939-7.939a1.5,1.5,0,0,1,2.121-2.121l9,9a1.5,1.5,0,0,1,0,2.121l-9,9A1.494,1.494,0,0,1,2849.5,3892Z\" transform=\"translate(-2848 -3871.001)\" fill=\"currentColor\"\/><\/svg><\/svg><\/button><\/div><\/div><\/div><\/div><\/div>\n\n<div id=\"acf-block_5153813b1af2fddd441ec01227e05924\" class=\"acf-block-element element-txtmedia\"><div class=\"row row-grid align-items-center\"><div class=\"col-12 col-md col-content order-md-1 offset-xl-1\" data-animate=\"T_FADE_LEFT\"><div class=\"col-inner\">\n\n<p class=\"wp-el\">Tuotteillemme on ominaista eritt\u00e4in hyv\u00e4 hinta-laatusuhde, helppok\u00e4ytt\u00f6isyys ja toimivuus. Tuotannostamme 90 % suuntautuu vientiin Skandinaviaan ja muualle Eurooppaan.<\/p>\n\n\n\n<p class=\"wp-el\">Palmse Trailerin per\u00e4vaunuja arvostavat niin maanviljelij\u00e4t kuin tienrakentajat Suomessa, Ruotsissa, Norjassa, Baltian maissa ja Keski-Euroopassa. Per\u00e4vaunujamme on k\u00e4yt\u00f6ss\u00e4 my\u00f6s Islannin ankarassa ilmastossa. Kotimarkkinoillamme Virossa tuotteitamme voi jakelijoiden lis\u00e4ksi ostaa my\u00f6s suoraan meilt\u00e4 \u2013 t\u00e4m\u00e4 varmistaa suoran yhteyden loppukuluttajaan, mink\u00e4 ansiosta saamme arvokasta palautetta tuotantoomme. Per\u00e4vaunujamme ostavat suuret maatalousyritykset, perhetilat ja maanomistajat. Eri tuoteryhmist\u00e4mme karjankasvattajat, maanviljelij\u00e4t, tienrakentajat sek\u00e4 kunnalliset yritykset l\u00f6yt\u00e4v\u00e4t itselleen sopivan traktorin per\u00e4vaunun.<\/p>\n\n\n\n<p class=\"wp-el\"><strong>Olemme 20 vuoden ajan kehitt\u00e4neet ja laajentaneet mallistoamme tarjotaksemme asiakkaillemme parasta. Palmse Treiler &#8211; laadukkaan traktorin per\u00e4vaunun merkki.<\/strong><\/p>\n\n\n\n<p class=\"wp-el\">Odotamme palautetta ja hintatiedusteluja. Myyntip\u00e4\u00e4llikk\u00f6mme yhteystiedot l\u00f6yd\u00e4t <a href=\"https:\/\/palmsetrailer.fi\/kontakt\/\" target=\"_blank\" rel=\"noreferrer noopener\">t\u00e4\u00e4lt\u00e4!<\/a><\/p>\n\n<\/div><\/div><div class=\"col-12 col-md-6 col-media\" data-animate=\"T_FADE_RIGHT\"><div class=\"splide\" data-splide={\"type\":\"fade\",\"pagination\":false}><div class=\"splide__track\"><ul class=\"splide__list\"><li class=\"splide__slide\"><a href=\"https:\/\/palmsetrailer.eu\/wp-content\/uploads\/2022\/10\/palmse-trailer-tractor-trailer-production.png\" data-fancybox=\"txtmedia-acf-block_5153813b1af2fddd441ec01227e05924\"><img loading=\"lazy\" decoding=\"async\" width=\"670\" height=\"447\" src=\"https:\/\/palmsetrailer.eu\/wp-content\/uploads\/2022\/10\/palmse-trailer-tractor-trailer-production-670x447.png\" class=\"attachment-img-570x380 size-img-570x380\" alt=\"Palmse Trailer tractor trailer production\" \/><\/a><\/li><\/ul><\/div><div class=\"splide__arrows hide-arrows\"><button class=\"splide__arrow splide__arrow--prev theme-icon\"><svg xmlns=\"http:\/\/www.w3.org\/2000\/svg\" width=\"12\" height=\"21\" viewBox=\"0 0 12 21\"><path d=\"M2858.5,3892a1.5,1.5,0,0,0,1.061-2.561l-7.939-7.939,7.939-7.939a1.5,1.5,0,0,0-2.121-2.121l-9,9a1.5,1.5,0,0,0,0,2.121l9,9A1.494,1.494,0,0,0,2858.5,3892Z\" transform=\"translate(-2848 -3871.001)\" fill=\"currentColor\"\/><\/svg><\/button><button class=\"splide__arrow splide__arrow--next theme-icon\"><svg xmlns=\"http:\/\/www.w3.org\/2000\/svg\" width=\"12\" height=\"21\" viewBox=\"0 0 12 21\"><path d=\"M2849.5,3892a1.5,1.5,0,0,1-1.061-2.561l7.939-7.939-7.939-7.939a1.5,1.5,0,0,1,2.121-2.121l9,9a1.5,1.5,0,0,1,0,2.121l-9,9A1.494,1.494,0,0,1,2849.5,3892Z\" transform=\"translate(-2848 -3871.001)\" fill=\"currentColor\"\/><\/svg><\/svg><\/button><\/div><\/div><\/div><\/div><\/div>\n\n<div id=\"acf-block_622df03d13213c0f45df7020a83220f6\" class=\"acf-block-element element-txtmedia\"><div class=\"row row-grid align-items-center\"><div class=\"col-12 col-md col-content\" data-animate=\"T_FADE_RIGHT\"><div class=\"col-inner\">\n\n<h2 class=\"wp-block-heading wp-el\">Ekologinen kest\u00e4vyys<\/h2>\n\n\n\n<p class=\"wp-el\">Olemme Palmse Trailerissa omistautuneet laadultaan parhaiden maataloudessa k\u00e4ytett\u00e4vien per\u00e4vaunujen valmistamiseen. Tuotantomme vaatii paljon s\u00e4hk\u00f6\u00e4, joten olemme viime vuosina pyrkineet etsim\u00e4\u00e4n tapoja j\u00e4rjest\u00e4\u00e4 tuotantomme kest\u00e4v\u00e4mmin.<\/p>\n\n\n\n<p class=\"wp-el\">Pohdinnan tuloksena p\u00e4\u00e4timme luoda Palmse Trailerissa ymp\u00e4rist\u00f6yst\u00e4v\u00e4llisemp\u00e4n\u00e4 ratkaisuna aurinkopaneelipuiston. Olemme tyytyv\u00e4isi\u00e4 voidessamme t\u00e4n\u00e4\u00e4n todeta, ett\u00e4 voimme k\u00e4ytt\u00e4\u00e4 tuotannossamme uusiutuvaa energiaa, joka tulee omista aurinkopaneeleistamme. Puiston kapasiteetti on 500 kW ja s\u00e4\u00e4st\u00e4 riippuen se kattaa suurimman osan energiatarpeestamme.<\/p>\n\n\n\n<p class=\"wp-el\">Projekti on toteutettu yhteisty\u00f6ss\u00e4 <a href=\"https:\/\/enefitgreen.ee\/en\/avaleht\" target=\"_blank\" rel=\"noreferrer noopener\">Enefit Greenin<\/a> kanssa, joka on yksi It\u00e4meren alueen johtavista ja monipuolisimmista uusiutuvan energian tuottajista.<\/p>\n\n\n\n<p class=\"wp-el\">S\u00e4hk\u00f6energian s\u00e4\u00e4st\u00f6 ja sen kest\u00e4v\u00e4\u00e4 k\u00e4ytt\u00f6\u00e4 koskevien prosessien kehitt\u00e4minen vaatii jatkuvaa ty\u00f6t\u00e4. Katsomme, ett\u00e4 omassa yrityksess\u00e4mme on viel\u00e4 paljon k\u00e4ytt\u00e4m\u00e4tt\u00f6mi\u00e4 mahdollisuuksia, ja aiomme jatkaa kest\u00e4v\u00e4\u00e4n kehitykseen t\u00e4ht\u00e4\u00e4v\u00e4\u00e4 toimintaamme.<\/p>\n\n<\/div><\/div><div class=\"col-12 col-md-6 col-media offset-xl-1\" data-animate=\"T_FADE_LEFT\"><div class=\"splide\" data-splide={\"type\":\"fade\",\"pagination\":false}><div class=\"splide__track\"><ul class=\"splide__list\"><li class=\"splide__slide\"><a href=\"https:\/\/palmsetrailer.eu\/wp-content\/uploads\/2022\/09\/green-energi-in-palmse-trailer.png\" data-fancybox=\"txtmedia-acf-block_622df03d13213c0f45df7020a83220f6\"><img loading=\"lazy\" decoding=\"async\" width=\"670\" height=\"447\" src=\"https:\/\/palmsetrailer.eu\/wp-content\/uploads\/2022\/09\/green-energi-in-palmse-trailer-670x447.png\" class=\"attachment-img-570x380 size-img-570x380\" alt=\"\" \/><\/a><\/li><\/ul><\/div><div class=\"splide__arrows hide-arrows\"><button class=\"splide__arrow splide__arrow--prev theme-icon\"><svg xmlns=\"http:\/\/www.w3.org\/2000\/svg\" width=\"12\" height=\"21\" viewBox=\"0 0 12 21\"><path d=\"M2858.5,3892a1.5,1.5,0,0,0,1.061-2.561l-7.939-7.939,7.939-7.939a1.5,1.5,0,0,0-2.121-2.121l-9,9a1.5,1.5,0,0,0,0,2.121l9,9A1.494,1.494,0,0,0,2858.5,3892Z\" transform=\"translate(-2848 -3871.001)\" fill=\"currentColor\"\/><\/svg><\/button><button class=\"splide__arrow splide__arrow--next theme-icon\"><svg xmlns=\"http:\/\/www.w3.org\/2000\/svg\" width=\"12\" height=\"21\" viewBox=\"0 0 12 21\"><path d=\"M2849.5,3892a1.5,1.5,0,0,1-1.061-2.561l7.939-7.939-7.939-7.939a1.5,1.5,0,0,1,2.121-2.121l9,9a1.5,1.5,0,0,1,0,2.121l-9,9A1.494,1.494,0,0,1,2849.5,3892Z\" transform=\"translate(-2848 -3871.001)\" fill=\"currentColor\"\/><\/svg><\/svg><\/button><\/div><\/div><\/div><\/div><\/div>\n\n<div id=\"acf-block_68b968c6860aed4287867ea639ac4350\" class=\"acf-block-element element-txtmedia\"><div class=\"row row-grid align-items-center\"><div class=\"col-12 col-md col-content order-md-1 offset-xl-1\" data-animate=\"T_FADE_LEFT\"><div class=\"col-inner\">\n\n<h2 class=\"wp-block-heading wp-el\">Sponsoroimme<\/h2>\n\n\n\n<p class=\"wp-el\"><strong>Haluamme Palmse Trailerissa jakaa menestyst\u00e4mme my\u00f6s ymp\u00e4r\u00f6iv\u00e4n yhteis\u00f6n kanssa. Jo vuosien ajan olemme tukeneet suuremmassa tai pienemm\u00e4ss\u00e4 mittakaavassa erilaisia projekteja, hankkeita ja urheilua.<\/strong> <\/p>\n\n\n\n<p class=\"wp-el\">Olemme sponsoroineet yli 10 vuoden ajan py\u00f6r\u00e4ilij\u00e4 Peeter Pruusin menestyksek\u00e4st\u00e4 uraa ammattiurheilijana. H\u00e4nen hyv\u00e4t tuloksensa tunnetuissa kansainv\u00e4lisiss\u00e4 kilpailuissa ovat tuoneet paljon iloa ja mainetta. <br><br>Vuodesta 2016 l\u00e4htien olemme tehneet menestyksekk\u00e4\u00e4sti yhteisty\u00f6t\u00e4 my\u00f6s eri koripalloseurojen kanssa L\u00e4nsi-Virumaalla. Siin\u00e4 on ollut merkitt\u00e4v\u00e4ss\u00e4 roolissa Andres S\u00f5ber \u2013 menestyksek\u00e4s koripallovalmentaja ja legendaarinen urheilun puolestapuhuja. H\u00e4n on ollut vuosien ajan valmentajana Rakvere Tarvas -koripalloseurassa, jota my\u00f6s Palmse Trailer on tukenut. Lopetettuaan ty\u00f6n edell\u00e4 mainitussa seurassa legendaarinen koripallovalmentaja S\u00f5ber siirtyi valmentamaan toista L\u00e4nsi-Virumaan vahvaa seuraa nimelt\u00e4 Tere\/Kadrina Karud. Viron mestaruusliigassa pelaavan Kadrina Karud -seuran sponsorien joukkoon liittyi t\u00e4ll\u00f6in my\u00f6s Palmse Trailer. <\/p>\n\n\n\n<p class=\"wp-el\">Vuonna 2022\/2023 tuemme my\u00f6s nuorten koripalloa: Palmse Trailer sponsoroi Rakveren Urheilukoulun U16-ik\u00e4luokan nuorisojoukkuetta. Joukkue pelaa Viron mestaruus- ja Cup-kilpailuissa sek\u00e4 Euroopan nuorten liigan EYBL:ss\u00e4.<\/p>\n\n\n\n<p class=\"wp-el\">Haluamme antaa oman panoksemme paikallisten nuorten urheiluharrastukseen, sill\u00e4 nuorisossa on tulevaisuus ja nuorten terveellisten el\u00e4m\u00e4ntapojen on kuuluttava prioriteetteihimme.<\/p>\n\n<\/div><\/div><div class=\"col-12 col-md-6 col-media\" data-animate=\"T_FADE_RIGHT\"><div class=\"splide\" data-splide={\"type\":\"fade\",\"pagination\":false}><div class=\"splide__track\"><ul class=\"splide__list\"><li class=\"splide__slide\"><a href=\"https:\/\/palmsetrailer.eu\/wp-content\/uploads\/2022\/09\/basketball-sponsorship-edited.png\" data-fancybox=\"txtmedia-acf-block_68b968c6860aed4287867ea639ac4350\"><img loading=\"lazy\" decoding=\"async\" width=\"670\" height=\"447\" src=\"https:\/\/palmsetrailer.eu\/wp-content\/uploads\/2022\/09\/basketball-sponsorship-edited-670x447.png\" class=\"attachment-img-570x380 size-img-570x380\" alt=\"\" \/><\/a><\/li><\/ul><\/div><div class=\"splide__arrows hide-arrows\"><button class=\"splide__arrow splide__arrow--prev theme-icon\"><svg xmlns=\"http:\/\/www.w3.org\/2000\/svg\" width=\"12\" height=\"21\" viewBox=\"0 0 12 21\"><path d=\"M2858.5,3892a1.5,1.5,0,0,0,1.061-2.561l-7.939-7.939,7.939-7.939a1.5,1.5,0,0,0-2.121-2.121l-9,9a1.5,1.5,0,0,0,0,2.121l9,9A1.494,1.494,0,0,0,2858.5,3892Z\" transform=\"translate(-2848 -3871.001)\" fill=\"currentColor\"\/><\/svg><\/button><button class=\"splide__arrow splide__arrow--next theme-icon\"><svg xmlns=\"http:\/\/www.w3.org\/2000\/svg\" width=\"12\" height=\"21\" viewBox=\"0 0 12 21\"><path d=\"M2849.5,3892a1.5,1.5,0,0,1-1.061-2.561l7.939-7.939-7.939-7.939a1.5,1.5,0,0,1,2.121-2.121l9,9a1.5,1.5,0,0,1,0,2.121l-9,9A1.494,1.494,0,0,1,2849.5,3892Z\" transform=\"translate(-2848 -3871.001)\" fill=\"currentColor\"\/><\/svg><\/svg><\/button><\/div><\/div><\/div><\/div><\/div>","protected":false},"excerpt":{"rendered":"","protected":false},"author":1,"featured_media":2569,"parent":0,"menu_order":70,"comment_status":"closed","ping_status":"closed","template":"","meta":{"_acf_changed":false,"inline_featured_image":false,"footnotes":""},"class_list":["post-1808","page","type-page","status-publish","has-post-thumbnail","hentry"],"acf":[],"_links":{"self":[{"href":"https:\/\/palmsetrailer.eu\/fi\/wp-json\/wp\/v2\/pages\/1808","targetHints":{"allow":["GET"]}}],"collection":[{"href":"https:\/\/palmsetrailer.eu\/fi\/wp-json\/wp\/v2\/pages"}],"about":[{"href":"https:\/\/palmsetrailer.eu\/fi\/wp-json\/wp\/v2\/types\/page"}],"author":[{"embeddable":true,"href":"https:\/\/palmsetrailer.eu\/fi\/wp-json\/wp\/v2\/users\/1"}],"replies":[{"embeddable":true,"href":"https:\/\/palmsetrailer.eu\/fi\/wp-json\/wp\/v2\/comments?post=1808"}],"version-history":[{"count":5,"href":"https:\/\/palmsetrailer.eu\/fi\/wp-json\/wp\/v2\/pages\/1808\/revisions"}],"predecessor-version":[{"id":6955,"href":"https:\/\/palmsetrailer.eu\/fi\/wp-json\/wp\/v2\/pages\/1808\/revisions\/6955"}],"wp:featuredmedia":[{"embeddable":true,"href":"https:\/\/palmsetrailer.eu\/fi\/wp-json\/wp\/v2\/media\/2569"}],"wp:attachment":[{"href":"https:\/\/palmsetrailer.eu\/fi\/wp-json\/wp\/v2\/media?parent=1808"}],"curies":[{"name":"wp","href":"https:\/\/api.w.org\/{rel}","templated":true}]}}