{"id":1812,"date":"2022-06-07T04:39:55","date_gmt":"2022-06-07T01:39:55","guid":{"rendered":"http:\/\/palmsetrailer.eu.klient.veebimajutus.ee\/avaleht\/"},"modified":"2026-03-20T11:55:13","modified_gmt":"2026-03-20T08:55:13","slug":"avaleht","status":"publish","type":"page","link":"https:\/\/palmsetrailer.eu\/fi\/","title":{"rendered":"Etusivu"},"content":{"rendered":"<div id=\"acf-block_54a0e7e236f4dbce453137fedfa84f6c\" class=\"acf-block-element element-fwslider alignmax\"><div class=\"splide\" data-splide={\"type\":\"fade\",\"pagination\":false}><div class=\"splide__track\"><ul class=\"splide__list\"><li class=\"splide__slide\"><div class=\"splide__slide-bg position-absolute\"><img loading=\"lazy\" decoding=\"async\" width=\"1920\" height=\"540\" src=\"https:\/\/palmsetrailer.eu\/wp-content\/uploads\/2026\/03\/PT1947.png\" class=\"attachment-hero-xxl size-hero-xxl\" alt=\"\" \/><\/div><div class=\"container position-relative d-flex flex-wrap align-items-end justify-content-end\"><div class=\"d-flex flex-wrap align-items-center\"><div class=\"splide__slide-content\"><p class=\"splide__slide-title\">Palmse Trailer<\/p><p>Pohjoismaiden suurin maatalous- ja tienrakennusper\u00e4vaunujen valmistaja<\/p><\/div><\/div><\/div><\/li><\/ul><\/div><div class=\"splide__arrows hide-arrows\"><button class=\"splide__arrow splide__arrow--prev theme-icon\"><svg xmlns=\"http:\/\/www.w3.org\/2000\/svg\" width=\"24\" height=\"42\" viewBox=\"0 0 24 42\"><path d=\"M2869,3913a3,3,0,0,0,2.121-5.121L2855.242,3892l15.879-15.879a3,3,0,0,0-4.242-4.242l-18,18a3,3,0,0,0,0,4.242l18,18A2.989,2.989,0,0,0,2869,3913Z\" transform=\"translate(-2848 -3871.001)\" fill=\"currentColor\"\/><\/svg><\/button><button class=\"splide__arrow splide__arrow--next theme-icon\"><svg xmlns=\"http:\/\/www.w3.org\/2000\/svg\" width=\"24\" height=\"42\" viewBox=\"0 0 24 42\"><path d=\"M2851,3913a3,3,0,0,1-2.121-5.121L2864.758,3892l-15.879-15.879a3,3,0,0,1,4.242-4.242l18,18a3,3,0,0,1,0,4.242l-18,18A2.989,2.989,0,0,1,2851,3913Z\" transform=\"translate(-2848 -3871.001)\" fill=\"currentColor\"\/><\/svg><\/button><\/div><\/div><\/div>\n\n<div id=\"acf-block_2f40a08c2b76451eac7deb7eb8b070ba\" class=\"acf-block-element element-stats alignmax\"><div class=\"splide\" data-splide={\"perPage\":4,\"gap\":\"1.875rem\",\"breakpoints\":{\"568\":{\"perPage\":1},\"768\":{\"perPage\":2},\"992\":{\"perPage\":3}},\"arrows\":false}><div class=\"splide__track\"><ul class=\"splide__list\"><li class=\"splide__slide d-flex flex-wrap align-items-center justify-content-center\"><div class=\"splide__slide-content text-uppercase text-center\"><p class=\"has-theme-primary-color\">20 vuoden<\/p><p>kokemus<\/p><\/div><\/li><li class=\"splide__slide d-flex flex-wrap align-items-center justify-content-center\"><div class=\"splide__slide-content text-uppercase text-center\"><p class=\"has-theme-primary-color\">20 000<\/p><p>per\u00e4vaunua<\/p><\/div><\/li><li class=\"splide__slide d-flex flex-wrap align-items-center justify-content-center\"><div class=\"splide__slide-content text-uppercase text-center\"><p class=\"has-theme-primary-color\">100+<\/p><p>mallia<\/p><\/div><\/li><li class=\"splide__slide d-flex flex-wrap align-items-center justify-content-center\"><div class=\"splide__slide-content text-uppercase text-center\"><p class=\"has-theme-primary-color\">10 000 m<sup>2<\/sup><\/p><p>tuotantoalue<\/p><\/div><\/li><\/ul><\/div><\/div><\/div>\n\n<div id=\"acf-block_680b537738573800497ad0dee7b722fa\" class=\"acf-block-element element-cats\"><div class=\"row row-grid-alt justify-content-center\"><div class=\"col-auto\"><a href=\"https:\/\/palmsetrailer.eu\/fi\/tuotekategoria\/maansiirtovaunut\/\" class=\"cat-item text-center\" data-animate=\"T_FADE_UP\"><div class=\"theme-icon aspect-item\"><img loading=\"lazy\" decoding=\"async\" width=\"230\" height=\"230\" src=\"https:\/\/palmsetrailer.eu\/wp-content\/uploads\/fly-images\/1690\/PT2228-paunvere-up-sky-scaled-230x230-c.jpg\" class=\"attachment-230x230\" alt=\"big dumpertrailer\" \/><\/div><p>Maansiirtovaunut<\/p><\/a><\/div><div class=\"col-auto\"><a href=\"https:\/\/palmsetrailer.eu\/fi\/tuotekategoria\/paalivaunu\/\" class=\"cat-item text-center\" data-animate=\"T_FADE_UP\"><div class=\"theme-icon aspect-item\"><img loading=\"lazy\" decoding=\"async\" width=\"230\" height=\"230\" src=\"https:\/\/palmsetrailer.eu\/wp-content\/uploads\/fly-images\/3381\/platvormhaagis-pallikaru-MG_web-230x230-c.jpeg\" class=\"attachment-230x230\" alt=\"platvormhaagis-pallikaru-MG_web\" \/><\/div><p>Paalivaunu<\/p><\/a><\/div><div class=\"col-auto\"><a href=\"https:\/\/palmsetrailer.eu\/fi\/tuotekategoria\/viljavaunut\/\" class=\"cat-item text-center\" data-animate=\"T_FADE_UP\"><div class=\"theme-icon aspect-item\"><img loading=\"lazy\" decoding=\"async\" width=\"230\" height=\"230\" src=\"https:\/\/palmsetrailer.eu\/wp-content\/uploads\/fly-images\/1623\/viljaveohaagis-GTPT190-grain-trailer-230x230-c.png\" class=\"attachment-230x230\" alt=\"Viljaveohaagis - grain trailer\" \/><\/div><p>Viljavaunut<\/p><\/a><\/div><div class=\"col-auto\"><a href=\"https:\/\/palmsetrailer.eu\/fi\/tuotekategoria\/koukkuperavaunut\/\" class=\"cat-item text-center\" data-animate=\"T_FADE_UP\"><div class=\"theme-icon aspect-item\"><img loading=\"lazy\" decoding=\"async\" width=\"230\" height=\"230\" src=\"https:\/\/palmsetrailer.eu\/wp-content\/uploads\/fly-images\/1621\/ML414-multilift-konteinerhaagis-scaled-230x230-c.jpeg\" class=\"attachment-230x230\" alt=\"ML414-multilift-konteinerhaagis\" \/><\/div><p>Koukkuper\u00e4vaunut<\/p><\/a><\/div><div class=\"col-auto\"><a href=\"https:\/\/palmsetrailer.eu\/fi\/tuotekategoria\/karjankuljetusvaunut\/\" class=\"cat-item text-center\" data-animate=\"T_FADE_UP\"><div class=\"theme-icon aspect-item\"><img loading=\"lazy\" decoding=\"async\" width=\"230\" height=\"230\" src=\"https:\/\/palmsetrailer.eu\/wp-content\/uploads\/fly-images\/1622\/loomaveo-uusPT4800HS4-scaled-230x230-c.jpg\" class=\"attachment-230x230\" alt=\"loomaveo-uusPT4800HS(4)\" \/><\/div><p>Karjankuljetus- vaunut<\/p><\/a><\/div><div class=\"col-auto\"><a href=\"https:\/\/palmsetrailer.eu\/fi\/tuotekategoria\/koneenkuljetuslavetit\/\" class=\"cat-item text-center\" data-animate=\"T_FADE_UP\"><div class=\"theme-icon aspect-item\"><img loading=\"lazy\" decoding=\"async\" width=\"230\" height=\"230\" src=\"https:\/\/palmsetrailer.eu\/wp-content\/uploads\/fly-images\/1620\/machinery-trailer-web-palmse-trailer-230x230-c.png\" class=\"attachment-230x230\" alt=\"machinery-trailer-web-palmse-trailer\" \/><\/div><p>Koneenkuljetus- lavetit<\/p><\/a><\/div><div class=\"col-auto\"><a href=\"https:\/\/palmsetrailer.eu\/fi\/tuotekategoria\/uusi-kuljetinhihnaperavaunu\/\" class=\"cat-item text-center\" data-animate=\"T_FADE_UP\"><div class=\"theme-icon aspect-item\"><img loading=\"lazy\" decoding=\"async\" width=\"230\" height=\"230\" src=\"https:\/\/palmsetrailer.eu\/wp-content\/uploads\/fly-images\/1617\/pt9820-flow-conveyor-belt-trailer-konveieriga-mahuhaagis-230x230-c.png\" class=\"attachment-230x230\" alt=\"pt9820-flow-conveyor-belt-trailer-konveieriga-mahuhaagis\" \/><\/div><p>Kuljetinhihnaper\u00e4vaunu<\/p><\/a><\/div><\/div><\/div>\n\n<div id=\"acf-block_63d8012c00763f0a38baafa7fed582d7\" class=\"acf-block-element element-image-hotspots\"><div class=\"splide\" data-splide={\"type\":\"fade\",\"arrows\":false}><div class=\"splide__track\"><ul class=\"splide__list\"><li class=\"splide__slide\"><div class=\"wpcmtt_hotspot_container\"><img decoding=\"async\" id=\"wpcmtt_image_hotspots_2328\" src=\"https:\/\/palmsetrailer.eu\/wp-content\/uploads\/2022\/08\/DSC_8848.jpg\" ><div class='wpcmtt-hotspot' style='top:43.73%; left:12.76%;' data-hotspot_id='2328_1' ><img class='wpcmtt_hotspot_pin' id='hotspot_2328_1' src='https:\/\/palmsetrailer.eu\/wp-content\/uploads\/2022\/06\/holder.svg' ><\/div><div class='wpcmtt-hotspot' style='top:42.06%; left:80.49%;' data-hotspot_id='2328_2' ><img class='wpcmtt_hotspot_pin' id='hotspot_2328_2' src='https:\/\/palmsetrailer.eu\/wp-content\/uploads\/2022\/06\/holder.svg' ><\/div><div class='wpcmtt-hotspot' style='top:81.33%; left:9.95%;' data-hotspot_id='2328_3' ><img class='wpcmtt_hotspot_pin' id='hotspot_2328_3' src='https:\/\/palmsetrailer.eu\/wp-content\/uploads\/2022\/06\/holder.svg' ><\/div><div class='wpcmtt-hotspot' style='top:51.05%; left:42.60%;' data-hotspot_id='2328_4' ><img class='wpcmtt_hotspot_pin' id='hotspot_2328_4' src='https:\/\/palmsetrailer.eu\/wp-content\/uploads\/2022\/06\/holder.svg' ><\/div><div class='wpcmtt-hotspot' style='top:71.73%; left:61.17%;' data-hotspot_id='2328_5' ><img class='wpcmtt_hotspot_pin' id='hotspot_2328_5' src='https:\/\/palmsetrailer.eu\/wp-content\/uploads\/2022\/06\/holder.svg' ><\/div><span class='wpcmtt ' data-wpcmtt-id='2328_1' data-wpcmtt-selector='.wpcmtt-hotspot[data-hotspot_id=&#039;2328_1&#039;] .wpcmtt_hotspot_pin'  data-wpcmtt-type=text data-wpcmtt-style_id='20' style='display:block; position: absolute; left: -28000px; top: -28000px;'>Suurempi kest\u00e4vyys! Suurin osa Palmse Trailerin laatikoista ja kehyksist\u00e4 on valmistettu robottihitsauksella.<\/span><span class='wpcmtt ' data-wpcmtt-id='2328_2' data-wpcmtt-selector='.wpcmtt-hotspot[data-hotspot_id=&#039;2328_2&#039;] .wpcmtt_hotspot_pin'  data-wpcmtt-type=text data-wpcmtt-style_id='20' style='display:block; position: absolute; left: -28000px; top: -28000px;'>Laaja valikoima erilaisia \u200b\u200btakaluukkuja. Oikean luukun valinta tarjoaa mahdollisuuden helpottaa k\u00e4ytt\u00f6\u00e4 ja siten nopeuttaa ty\u00f6prosesseja.<\/span><span class='wpcmtt ' data-wpcmtt-id='2328_3' data-wpcmtt-selector='.wpcmtt-hotspot[data-hotspot_id=&#039;2328_3&#039;] .wpcmtt_hotspot_pin'  data-wpcmtt-type=text data-wpcmtt-style_id='22' style='display:block; position: absolute; left: -28000px; top: -28000px;'>Per\u00e4vaunu on l\u00e4p\u00e4issyt laadunvalvonnan ja hydraulipainetestin ennen l\u00e4hett\u00e4mist\u00e4.<\/span><span class='wpcmtt ' data-wpcmtt-id='2328_4' data-wpcmtt-selector='.wpcmtt-hotspot[data-hotspot_id=&#039;2328_4&#039;] .wpcmtt_hotspot_pin'  data-wpcmtt-type=text data-wpcmtt-style_id='19' style='display:block; position: absolute; left: -28000px; top: -28000px;'>Taivutettu sivuprofiili lis\u00e4\u00e4 lujuutta.<\/span><span class='wpcmtt ' data-wpcmtt-id='2328_5' data-wpcmtt-selector='.wpcmtt-hotspot[data-hotspot_id=&#039;2328_5&#039;] .wpcmtt_hotspot_pin'  data-wpcmtt-type=text data-wpcmtt-style_id='19' style='display:block; position: absolute; left: -28000px; top: -28000px;'>Mallista riippuen on mahdollista valita jousitus ja sek\u00e4 ilma- ett\u00e4 hydraulijarrut.<\/span><\/div><style> #hotspot_2328_1,#hotspot_2328_2,#hotspot_2328_3,#hotspot_2328_4,#hotspot_2328_5{\n                -webkit-transform: translate(-50%, -50%);transform: translate(-50%, -50%);\n                    \n                } <\/style><\/li><\/ul><\/div><\/div><\/div>\n\n<h2 class=\"has-text-align-center text-uppercase wp-el element-title\" data-animate=\"T_FADE_UP\">Palaute<\/h2><div id=\"acf-block_001c9e1dd8b000d8521ae27e82b09603\" class=\"acf-block-element element-feedback\"><div class=\"row row-grid justify-content-center\"><div class=\"col-12 col-md-6\"><div id=\"mika-soomest-2\" class=\"feedback-item position-relative h-100\" data-animate=\"T_FADE_UP\"><div class=\"feedback-item__content\"><svg xmlns=\"http:\/\/www.w3.org\/2000\/svg\" width=\"24\" height=\"20\" viewBox=\"0 0 24 20\"><g transform=\"translate(-1223.636 -4058.547)\"><path d=\"M343.636,501.547v10.372h6.178a7.489,7.489,0,0,1-1.736,4.556,5.8,5.8,0,0,1-4.442,1.6v3.471a9.321,9.321,0,0,0,7.051-2.709,11.3,11.3,0,0,0,2.829-6.919s0-10.372,0-10.372Z\" transform=\"translate(880 3557)\" fill=\"#f77e10\"\/><path d=\"M392.4,501.547v10.372h6.178a7.489,7.489,0,0,1-1.736,4.556,5.8,5.8,0,0,1-4.442,1.6v3.471a9.321,9.321,0,0,0,7.051-2.709,11.3,11.3,0,0,0,2.829-6.919s0-10.372,0-10.372Z\" transform=\"translate(845.357 3557)\" fill=\"#f77e10\"\/><\/g><\/svg><div class=\"editor-content\"><p>Palmse Trailerin kanssa on mukava tehd\u00e4 yhteisty\u00f6t\u00e4, koska tuotteet ovat laadukkaita, asiakkaamme ovat tyytyv\u00e4isi\u00e4 per\u00e4k\u00e4rryihin ja voin aina ottaa yhteytt\u00e4 Palmse Trailerin myyntip\u00e4\u00e4llikk\u00f6\u00f6n, jos tarvitsen lis\u00e4tietoja. Minulla on Palmse Trailerin t\u00e4ysi tuki.<\/p>\n<p><a href=\"https:\/\/palmsetrailer.eu\/fi\/palaute\/mika-soomest-2\/\">Lue lis\u00e4\u00e4<\/a><\/p><\/div><\/div><div class=\"feedback-item__author\"><div class=\"feedback-item__author-img theme-icon\"><img loading=\"lazy\" decoding=\"async\" width=\"80\" height=\"80\" src=\"https:\/\/palmsetrailer.eu\/wp-content\/uploads\/fly-images\/2309\/Joonas-Koskinen-finland-feedback-80x80-c.png\" class=\"attachment-80x80\" alt=\"Joonas-Koskinen-finland-feedback\" \/><\/div><div class=\"feedback-item__author-name\"><p class=\"font-weight-bold\">Joonas Koskinen<\/p><p>Koski, Soome<\/p><\/div><\/div><\/div><\/div><div class=\"col-12 col-md-6\"><div id=\"mika-soomest\" class=\"feedback-item position-relative h-100\" data-animate=\"T_FADE_UP\"><div class=\"feedback-item__content\"><svg xmlns=\"http:\/\/www.w3.org\/2000\/svg\" width=\"24\" height=\"20\" viewBox=\"0 0 24 20\"><g transform=\"translate(-1223.636 -4058.547)\"><path d=\"M343.636,501.547v10.372h6.178a7.489,7.489,0,0,1-1.736,4.556,5.8,5.8,0,0,1-4.442,1.6v3.471a9.321,9.321,0,0,0,7.051-2.709,11.3,11.3,0,0,0,2.829-6.919s0-10.372,0-10.372Z\" transform=\"translate(880 3557)\" fill=\"#f77e10\"\/><path d=\"M392.4,501.547v10.372h6.178a7.489,7.489,0,0,1-1.736,4.556,5.8,5.8,0,0,1-4.442,1.6v3.471a9.321,9.321,0,0,0,7.051-2.709,11.3,11.3,0,0,0,2.829-6.919s0-10.372,0-10.372Z\" transform=\"translate(845.357 3557)\" fill=\"#f77e10\"\/><\/g><\/svg><div class=\"editor-content\"><p>Olen todella tyytyv\u00e4inen Palmse Trailerin per\u00e4k\u00e4rryyn. Se toimii kuten pit\u00e4\u00e4kin ja auttaa saamaan ty\u00f6t tehdyiksi.<\/p>\n<p><a href=\"https:\/\/palmsetrailer.eu\/fi\/palaute\/mika-soomest\/\">Lue lis\u00e4\u00e4<\/a><\/p><\/div><\/div><div class=\"feedback-item__author\"><div class=\"feedback-item__author-img theme-icon\"><img loading=\"lazy\" decoding=\"async\" width=\"80\" height=\"80\" src=\"https:\/\/palmsetrailer.eu\/wp-content\/uploads\/fly-images\/2314\/soome-Mika-feedback-80x80-c.jpg\" class=\"attachment-80x80\" alt=\"soome-Mika--feedback\" \/><\/div><div class=\"feedback-item__author-name\"><p class=\"font-weight-bold\">Mika Seitz<\/p><p>Joensuu, Soome<\/p><\/div><\/div><\/div><\/div><\/div><\/div>","protected":false},"excerpt":{"rendered":"","protected":false},"author":1,"featured_media":2792,"parent":0,"menu_order":0,"comment_status":"closed","ping_status":"closed","template":"","meta":{"_acf_changed":false,"inline_featured_image":false,"footnotes":""},"class_list":["post-1812","page","type-page","status-publish","has-post-thumbnail","hentry"],"acf":[],"_links":{"self":[{"href":"https:\/\/palmsetrailer.eu\/fi\/wp-json\/wp\/v2\/pages\/1812","targetHints":{"allow":["GET"]}}],"collection":[{"href":"https:\/\/palmsetrailer.eu\/fi\/wp-json\/wp\/v2\/pages"}],"about":[{"href":"https:\/\/palmsetrailer.eu\/fi\/wp-json\/wp\/v2\/types\/page"}],"author":[{"embeddable":true,"href":"https:\/\/palmsetrailer.eu\/fi\/wp-json\/wp\/v2\/users\/1"}],"replies":[{"embeddable":true,"href":"https:\/\/palmsetrailer.eu\/fi\/wp-json\/wp\/v2\/comments?post=1812"}],"version-history":[{"count":5,"href":"https:\/\/palmsetrailer.eu\/fi\/wp-json\/wp\/v2\/pages\/1812\/revisions"}],"predecessor-version":[{"id":7487,"href":"https:\/\/palmsetrailer.eu\/fi\/wp-json\/wp\/v2\/pages\/1812\/revisions\/7487"}],"wp:featuredmedia":[{"embeddable":true,"href":"https:\/\/palmsetrailer.eu\/fi\/wp-json\/wp\/v2\/media\/2792"}],"wp:attachment":[{"href":"https:\/\/palmsetrailer.eu\/fi\/wp-json\/wp\/v2\/media?parent=1812"}],"curies":[{"name":"wp","href":"https:\/\/api.w.org\/{rel}","templated":true}]}}