{"id":3040,"date":"2022-09-16T11:29:39","date_gmt":"2022-09-16T08:29:39","guid":{"rendered":"http:\/\/palmsetrailer.eu.klient.veebimajutus.ee\/?page_id=3040"},"modified":"2022-10-04T13:17:44","modified_gmt":"2022-10-04T10:17:44","slug":"usein-kysytyt-kysymykset","status":"publish","type":"page","link":"https:\/\/palmsetrailer.eu\/fi\/usein-kysytyt-kysymykset\/","title":{"rendered":"UKK"},"content":{"rendered":"\n<h2 class=\"wp-el wp-block-heading\">T\u00e4\u00e4lt\u00e4 l\u00f6yd\u00e4t usein kysytyt kysymykset.<\/h2>\n\n\n\n<figure class=\"wp-block-image aligncenter size-large is-resized is-style-default\" style=\"border-radius:50px\"><img loading=\"lazy\" decoding=\"async\" src=\"https:\/\/palmsetrailer.eu\/wp-content\/uploads\/2022\/08\/PT9820-FLOW-silage-john-deere-small-web-1200x958.png\" alt=\"\" class=\"wp-image-3167\" width=\"600\" height=\"479\" srcset=\"https:\/\/palmsetrailer.eu\/wp-content\/uploads\/2022\/08\/PT9820-FLOW-silage-john-deere-small-web-1200x958.png 1200w, https:\/\/palmsetrailer.eu\/wp-content\/uploads\/2022\/08\/PT9820-FLOW-silage-john-deere-small-web.png 1671w\" sizes=\"auto, (max-width: 600px) 100vw, 600px\" \/><\/figure>\n\n\n\n<div class=\"wp-block-pb-accordion-item c-accordion__item js-accordion-item no-js\" data-initially-open=\"false\" data-click-to-close=\"true\" data-auto-close=\"true\" data-scroll=\"false\" data-scroll-offset=\"0\"><h2 id=\"at-30400\" class=\"c-accordion__title js-accordion-controller\" role=\"button\">Onko teill\u00e4 vinkkej\u00e4 per\u00e4vaunun valitsemiseen?<\/h2><div id=\"ac-30400\" class=\"c-accordion__content\">\n<p class=\"wp-el\">Per\u00e4vaunun valitsemiseen vaikuttaa seuraavat asiat: <\/p>\n\n\n\n<ul class=\"wp-el wp-block-list\"><li>Millaisella traktorilla per\u00e4vaunua k\u00e4ytet\u00e4\u00e4n (teho, traktorin tyyppi)?<\/li><li>Millaisten materiaalien kuljettamiseen per\u00e4vaunua (per\u00e4k\u00e4rry) k\u00e4ytet\u00e4\u00e4n?<\/li><li>Millaisia v\u00e4limatkoja per\u00e4vaunulla ajetaan?<\/li><li>Millaisilla teill\u00e4\/maastossa?<\/li><li>Miten kuormat lastataan, mitk\u00e4 ovat k\u00e4ytett\u00e4vien apulaitteiden suurimmat nostokorkeudet?<\/li><li>Onko mit\u00e4\u00e4n erikoisvaatimuksia kuten ovien korkeus ja leveys, varastorakennuksen vapaa kippauskorkeus jne.<\/li><\/ul>\n<\/div><\/div>\n\n\n\n<div class=\"wp-block-pb-accordion-item c-accordion__item js-accordion-item no-js\" data-initially-open=\"false\" data-click-to-close=\"true\" data-auto-close=\"true\" data-scroll=\"false\" data-scroll-offset=\"0\"><h2 id=\"at-30401\" class=\"c-accordion__title js-accordion-controller\" role=\"button\">Mik\u00e4 on toimitusaika?<\/h2><div id=\"ac-30401\" class=\"c-accordion__content\">\n<p class=\"wp-el\">Vuodenajasta riippuen 4-8 viikkoa. On mahdollista, ett\u00e4 meill\u00e4 on v\u00e4h\u00e4n per\u00e4vaunuja varastossa. Kysy myyntip\u00e4\u00e4llik\u00f6lt\u00e4mme sales@palmsetrailer.eu <\/p>\n<\/div><\/div>\n\n\n\n<div class=\"wp-block-pb-accordion-item c-accordion__item js-accordion-item no-js\"><h2 id=\"at-30404\" class=\"c-accordion__title js-accordion-controller\" role=\"button\"><\/h2><div id=\"ac-30404\" class=\"c-accordion__content\"><\/div><\/div>\n","protected":false},"excerpt":{"rendered":"<p>T\u00e4\u00e4lt\u00e4 l\u00f6yd\u00e4t usein kysytyt kysymykset.<\/p>\n","protected":false},"author":1,"featured_media":3143,"parent":0,"menu_order":0,"comment_status":"closed","ping_status":"closed","template":"","meta":{"_acf_changed":false,"inline_featured_image":false,"footnotes":""},"class_list":["post-3040","page","type-page","status-publish","has-post-thumbnail","hentry"],"acf":[],"_links":{"self":[{"href":"https:\/\/palmsetrailer.eu\/fi\/wp-json\/wp\/v2\/pages\/3040","targetHints":{"allow":["GET"]}}],"collection":[{"href":"https:\/\/palmsetrailer.eu\/fi\/wp-json\/wp\/v2\/pages"}],"about":[{"href":"https:\/\/palmsetrailer.eu\/fi\/wp-json\/wp\/v2\/types\/page"}],"author":[{"embeddable":true,"href":"https:\/\/palmsetrailer.eu\/fi\/wp-json\/wp\/v2\/users\/1"}],"replies":[{"embeddable":true,"href":"https:\/\/palmsetrailer.eu\/fi\/wp-json\/wp\/v2\/comments?post=3040"}],"version-history":[{"count":4,"href":"https:\/\/palmsetrailer.eu\/fi\/wp-json\/wp\/v2\/pages\/3040\/revisions"}],"predecessor-version":[{"id":4033,"href":"https:\/\/palmsetrailer.eu\/fi\/wp-json\/wp\/v2\/pages\/3040\/revisions\/4033"}],"wp:featuredmedia":[{"embeddable":true,"href":"https:\/\/palmsetrailer.eu\/fi\/wp-json\/wp\/v2\/media\/3143"}],"wp:attachment":[{"href":"https:\/\/palmsetrailer.eu\/fi\/wp-json\/wp\/v2\/media?parent=3040"}],"curies":[{"name":"wp","href":"https:\/\/api.w.org\/{rel}","templated":true}]}}